{"id":741,"date":"2026-05-04T16:29:31","date_gmt":"2026-05-04T14:29:31","guid":{"rendered":"https:\/\/www.risus-vallis.at\/?page_id=741"},"modified":"2026-05-05T14:47:27","modified_gmt":"2026-05-05T12:47:27","slug":"agb","status":"publish","type":"page","link":"https:\/\/www.risus-vallis.at\/en\/agb\/","title":{"rendered":"AGB"},"content":{"rendered":"\t\t<div data-elementor-type=\"wp-page\" data-elementor-id=\"741\" class=\"elementor elementor-741\" data-elementor-post-type=\"page\">\n\t\t\t\t<div class=\"elementor-element elementor-element-d15f7c1 e-flex e-con-boxed e-con e-parent\" data-id=\"d15f7c1\" data-element_type=\"container\" data-e-type=\"container\" data-settings=\"{&quot;background_background&quot;:&quot;slideshow&quot;,&quot;background_slideshow_gallery&quot;:[{&quot;id&quot;:265,&quot;url&quot;:&quot;https:\\\/\\\/www.risus-vallis.at\\\/wp-content\\\/uploads\\\/2026\\\/03\\\/IMG_3916.jpg&quot;},{&quot;id&quot;:306,&quot;url&quot;:&quot;https:\\\/\\\/www.risus-vallis.at\\\/wp-content\\\/uploads\\\/2026\\\/03\\\/IMG_3714.jpg&quot;},{&quot;id&quot;:264,&quot;url&quot;:&quot;https:\\\/\\\/www.risus-vallis.at\\\/wp-content\\\/uploads\\\/2026\\\/03\\\/IMG_3836-1.jpg&quot;},{&quot;id&quot;:305,&quot;url&quot;:&quot;https:\\\/\\\/www.risus-vallis.at\\\/wp-content\\\/uploads\\\/2026\\\/03\\\/IMG_3811.jpg&quot;},{&quot;id&quot;:303,&quot;url&quot;:&quot;https:\\\/\\\/www.risus-vallis.at\\\/wp-content\\\/uploads\\\/2026\\\/03\\\/IMG_20190209_114505-1536x1152-1.jpg&quot;}],&quot;background_slideshow_ken_burns&quot;:&quot;yes&quot;,&quot;background_slideshow_loop&quot;:&quot;yes&quot;,&quot;background_slideshow_slide_duration&quot;:5000,&quot;background_slideshow_slide_transition&quot;:&quot;fade&quot;,&quot;background_slideshow_transition_duration&quot;:500,&quot;background_slideshow_ken_burns_zoom_direction&quot;:&quot;in&quot;}\">\n\t\t\t\t\t<div class=\"e-con-inner\">\n\t\t\t\t<div class=\"elementor-element elementor-element-53c7c49 elementor-widget elementor-widget-heading\" data-id=\"53c7c49\" data-element_type=\"widget\" data-e-type=\"widget\" data-widget_type=\"heading.default\">\n\t\t\t\t\t<h1 class=\"elementor-heading-title elementor-size-default\">AGB<\/h1>\t\t\t\t<\/div>\n\t\t\t\t\t<\/div>\n\t\t\t\t<\/div>\n\t\t<div class=\"elementor-element elementor-element-9bba5dd e-flex e-con-boxed e-con e-parent\" data-id=\"9bba5dd\" data-element_type=\"container\" data-e-type=\"container\" data-settings=\"{&quot;background_background&quot;:&quot;classic&quot;}\">\n\t\t\t\t\t<div class=\"e-con-inner\">\n\t\t\t\t<div class=\"elementor-element elementor-element-603d63d elementor-widget elementor-widget-html\" data-id=\"603d63d\" data-element_type=\"widget\" data-e-type=\"widget\" data-widget_type=\"html.default\">\n\t\t\t\t\t<!DOCTYPE html>\n<html lang=\"de\">\n<head>\n    <meta charset=\"UTF-8\">\n    <style>\n        @page {\n            size: A4;\n            margin: 20mm;\n            background-color: #ffffff;\n        }\n        body {\n            font-family: 'Segoe UI', Tahoma, Geneva, Verdana, sans-serif;\n            line-height: 1.6;\n            color: #333;\n            background-color: #ffffff;\n            margin: 0;\n            padding: 0;\n            font-size: 10.5pt;\n        }\n        .container {\n            max-width: 1300px;\n            margin: auto;\n        }\n        header {\n            border-bottom: 2px solid #8c7356;\n            margin-bottom: 30px;\n            padding-bottom: 10px;\n        }\n        h1 {\n            color: #7D3925;\n            font-size: 60pt;\n            margin-bottom: 5px;\n            text-transform: uppercase;\n        }\n        h2 {\n            color: #7D3925;\n            font-size: 16pt;\n            margin-top: 25px;\n            border-left: 4px solid #7D3925;\n            padding-left: 10px;\n            background:\t#EDEDED;\n        }\n        h3 {\n            color: #7D3925;\n            font-size: 12pt;\n            margin-top: 15px;\n            text-decoration: underline;\n        }\n        h4 {\n            color: #7D3925;\n            font-size: 12pt;\n            margin-top: 15px;\n            font-weight: bold;\n        }\n        .meta-info {\n            background-color: #f4f1ed;\n            padding: 15px;\n            border-radius: 5px;\n            margin-bottom: 25px;\n            font-size: 9pt;\n            display: grid;\n            grid-template-columns: repeat(2, 1fr);\n        }\n        .toc {\n            background-color: #fcfcfc;\n            border: 1px solid #eee;\n            padding: 20px;\n            margin-bottom: 30px;\n        }\n        .toc h3 {\n            margin-top: 0;\n            text-decoration: none;\n            color: #333;\n        }\n        .toc ul {\n            list-style: none;\n            padding: 0;\n            columns: 2;\n        }\n        .toc li {\n            margin-bottom: 5px;\n        }\n        p {\n            margin-bottom: 12pt;\n            font-size: 12pt;\n            text-align: justify;\n        }\n        .section-number {\n            font-weight: bold;\n            color: #8c7356;\n            margin-right: 5px;\n        }\n        footer {\n            margin-top: 50px;\n            font-size: 8pt;\n            text-align: center;\n            color: #999;\n            border-top: 1px solid #eee;\n            padding-top: 10px;\n        }\n    <\/style>\n<\/head>\n<body>\n    <div class=\"container\">\n        <header>\n            <h1>Chalet Risus Vallis<\/h1>\n            <p><span style=\"font-size: 24px;\">Allgemeine Gesch&auml;ftsbedingungen<\/span><\/strong><\/p>\n        <\/header>\n\n\n        \n\n        <h2>I. Allgemeines<\/h2>\n        <p>Die AGBs stellen jenen Vertragsinhalt dar, zu welchem die MSR-Group GmbH mit ihren G\u00e4sten einen Beherbergungsvertrag abschlie\u00dft. Es gelten ausschlie\u00dflich diese AGBs; andere Vertragsbedingungen werden nicht Vertragsinhalt, auch wenn ihnen nicht ausdr\u00fccklich widersprochen wird.<\/p>\n\n        <h2>II. Vertragspartner<\/h2>\n        <h4>1<\/h4>\n        <p>Als Vertragspartner der MSR-Group GmbH gilt im Zweifelsfalle der Besteller\/der Organisator, auch wenn er f\u00fcr andere namentlich genannte Personen bestellt oder mitbestellt hat. Im weiteren als Gast oder G\u00e4ste bezeichnet.<\/p>\n        <h4>2<\/h4>\n        <p>Die Beherbergung in Anspruch nehmende Personen sind G\u00e4ste im Sinne der Vertragsbedingungen.<\/p>\n        <br><\/p>\n\n        <h2>III. Vertragsabschluss, Anzahlung<\/h2>\n        <h4>1<\/h4>\n        <p>Der Beherbergungsvertrag kommt durch die Bestellung des Gastes und deren schriftliche Best\u00e4tigung durch die MSR-Group GmbH und die Leistung der Anzahlung durch den Gast an die MSR-Group GmbH und deren schriftlichen Best\u00e4tigung zustande.<\/p>\n        <h4>2<\/h4>\n        <p>Weicht der Inhalt der Reisebest\u00e4tigung vom Inhalt der Bestellung ab, so liegt ein neues Angebot der MSR-Group GmbH vor. Der Vertrag kommt auf der Grundlage dieses neuen Angebotes zustande, wenn der Gast innerhalb von 7 Tagen dieses Angebot annimmt.<\/p>\n        <h4>3<\/h4>\n       <p>Ansonsten ist die MSR-Group GmbH nach Vertragsschluss nicht mehr verpflichtet, \u00c4nderungsw\u00fcnschen zu entsprechen.<\/p>\n        <h4>4<\/h4>\n       <p>Es wird vereinbart, dass der Gast bei Buchung eine Anzahlung von 30 % der gesamten Auftragssumme (inkl. Nebenkosten und verbindlich gebuchter Zusatzleistungen) leistet. Mit Eingang der Anzahlung wird die Reservierung endg\u00fcltig f\u00fcr beide Vertragspartner verbindlich.<\/p>\n        <h4>5<\/h4>\n       <p> Bis zu drei Wochen vor Anreise ist durch den Gast die Restzahlung (70%) und eine Kaution von 500,00 \u20ac an die MSR-Group GmbH zu \u00fcberweisen. Zudem ist die Adresse und das Geburtsdatum des Bestellers\/ Organisators und die vollst\u00e4ndig ausgef\u00fcllte Namensliste der Mitreisenden zu \u00fcbermitteln.<\/p>\n        <h4>6<\/h4>\n       <p> Wird die Zahlung - nach III. 5 - nicht rechtzeitig geleistet, kommt das einer Stornoerkl\u00e4rung des Gastes gegen\u00fcber der MSR-Group GmbH gleich und es kommt Artikel V. 2 zur Anwendung. Das hei\u00dft die geleistete Anzahlung wird als Stornogeb\u00fchr einbehalten.<\/p>\n<br><\/p>\n        <h2>IV. Beginn und Ende der Beherbergung<\/h2>\n        <h4>1<\/h4>\n       <p>Der Gast hat das Recht, das gemietete Objekt ab 16:00 Uhr des vereinbarten Tages mit der angemeldeten und der schriftlich best\u00e4tigten Personenzahl zu beziehen.<\/p>\n        <h4>2<\/h4>\n       <p> Das gemietete Objekt ist durch die G\u00e4ste am Tag der Abreise bis 10:00 Uhr freizumachen. Die MSR-Group GmbH ist berechtigt, einen weiteren Tag in Rechnung zu stellen, wenn das gemietete Objekt nicht fristgerecht freigemacht wird.<\/p>\n       <br><\/p>\n       \n        <h2>V. R\u00fccktritt \/ Storno vom Beherbergungsvertrag<\/h2>\n        <h4>1<\/h4>\n       <p> Bis sp\u00e4testens 3 Monate vor dem vereinbarten Ankunftstag des Gastes kann der Beherbergungsvertrag ohne Entrichtung einer Stornogeb\u00fchr von beiden Vertragspartnern durch einseitige schriftliche Erkl\u00e4rung aufgel\u00f6st werden. Ma\u00dfgeblich ist der Zeitpunkt des Einlangens der Stornoerkl\u00e4rung bei der MSR-Group GmbH.<\/p>\n        <h4>2<\/h4>\n       <p> Bei schriftlicher Stornierung durch den Gast zwischen 3 Monaten und 1 Monat vor dem vereinbarten Ankunftstag beh\u00e4lt die MSR-Group GmbH 30 % der gesamten Auftragssumme (inkl. Nebenkosten und verbindlich gebuchter Zusatzleistungen), die vorab als Anzahlung geleistet wurden, als Stornogeb\u00fchr ein.<\/p>\n        <h4>3<\/h4>\n       <p>Bei schriftlicher Stornierung durch den Gast zwischen 1 Monat und 1 Woche vor dem vereinbarten Ankunftstag ist der Gast der MSR-Group GmbH gegen\u00fcber verpflichtet, 70 % der gesamten Auftragssumme (inkl. Nebenkosten und verbindlich gebuchter Zusatzleistungen) zu bezahlen.<\/p>\n        <h4>4<\/h4>\n       <p> Bei Stornierung oder Teilstornierung ab einer Woche vor dem vereinbarten Ankunftstag, bei Nichtanreise (No-Show) oder vorzeitiger Abreise ist der Gast verpflichtet, der MSR-GROUP GMBH die gesamte Auftragssumme (inkl. Nebenkosten und verbindlich gebuchter Zusatzleistungen, 100 %) zu bezahlen.<\/p>\n        <h4>5<\/h4>\n       <p> F\u00fcr Aufenthalte in der Nebensaison k\u00f6nnen gemilderte Stornobedingungen von der MSR-Group GmbH individuell festgelegt werden. Diese Bedingungen k\u00f6nnen jederzeit ge\u00e4ndert werden und sind in der jeweils aktuellen Preisliste ver\u00f6ffentlicht. Sofern schriftlich best\u00e4tigt, gehen diese individuellen Regelungen den regul\u00e4ren Stornobedingungen vor.<\/p>\n        <h4>6<\/h4>\n       <p> Diese Stornokosten entstehen nicht oder in verminderter H\u00f6he, wenn der Gast nachweisen kann, dass ein Schaden gar nicht oder nicht in dieser H\u00f6he entstanden ist. Der MSR-Group GmbH bleibt es vorbehalten, einen h\u00f6heren Schaden nachzuweisen und geltend zu machen. Der Gast kann sich gegen dieses Risiko \u00fcber eine selbst abgeschlossene Reiser\u00fccktrittskostenversicherung absichern.<\/p>\n       <br><\/p>\n\n        <h2>VI. Beistellung einer Ersatzunterkunft<\/h2>\n        <p>Die MSR-Group GmbH kann dem Gast eine ad\u00e4quate Ersatzunterkunft zur Verf\u00fcgung stellen, wenn dies dem Gast zumutbar ist, besonders wenn die Abweichung geringf\u00fcgig und sachlich gerechtfertigt ist. Eine sachliche Rechtfertigung ist beispielsweise dann gegeben, wenn der Raum (die R\u00e4ume) unben\u00fctzbar geworden sind oder sonstige wichtige betriebliche Ma\u00dfnahmen diesen Schritt bedingen. Allf\u00e4llige Mehraufwendungen f\u00fcr das Ersatzquartier gehen auf Kosten der MSR-Group GmbH.<\/p>\n\n        <h2>VII. Recht des Gastes<\/h2>\n        <h4>1<\/h4>\n       <p>Durch den Abschluss eines Beherbergungsvertrages erwirbt der Gast das Recht auf den \u00fcblichen Gebrauch der gemieteten R\u00e4ume, der Einrichtungen des Chalets, die \u00fcblicherweise und ohne besondere Bedingungen den G\u00e4sten zur Ben\u00fctzung zug\u00e4nglich sind.<\/p>\n        <h4>2<\/h4>\n       <p>Der Gast hat das Recht, die gemieteten R\u00e4ume ab 16:00 Uhr des vereinbarten Tages zu beziehen.<\/p>\n       <br><\/p>\n\n        <h2>VIII. Pflicht des Gastes<\/h2>\n        <h4>1<\/h4>\n       <p>Bei Beendigung des Beherbergungsvertrages ist das Entgelt f\u00fcr vor Ort aufgebuchte und in Anspruch genommene Services\/Zusatzleistungen sofort zu \u00fcberweisen.<\/p>\n        <h4>2<\/h4>\n       <p> F\u00fcr den von G\u00e4sten verursachten Schaden gelten die Vorschriften des Schadenersatzrechtes. Daher haftet der Gast f\u00fcr jeden Schaden und Nachteil, den die MSR-Group GmbH oder dritte Personen durch sein Verschulden oder durch das Verschulden seiner Begleiter oder anderer Personen, f\u00fcr die er verantwortlich ist, erleidet, und zwar auch dann, wenn der Gesch\u00e4digte berechtigt ist, zur Schadenersatzleistung direkt die MSR-Group GmbH in Anspruch zu nehmen.<\/p>\n        <h4>3<\/h4>\n       <p> Der Gast hat das Chalet aufger\u00e4umt zu \u00fcbergeben. Der M\u00fcll ist entsprechend zu trennen und das Geschirr abzuwaschen. Alle beweglichen Teile (Bettw\u00e4sche, Handt\u00fccher, Geschirr, St\u00fchle, etc.) sind Eigentum der MSR-Group GmbH und wieder ordentlich aufzur\u00e4umen. Mit der Endreinigung ist die \u00fcbliche Reinigung der R\u00e4umlichkeiten sowie der B\u00f6den, Fenster, WCs, Waschbecken und Fliesen abgegolten. Andere Verschmutzungen (schmutziges Geschirr, Lebensmittelreste, starke Verschmutzung von M\u00f6beln, ...) und nicht getrennter M\u00fcll werden nach Zeitaufwand zus\u00e4tzlich in Rechnung gestellt und von der Kaution abgezogen.<\/p>\n        <h4>4<\/h4>\n       <p> Es wird im Winter regelm\u00e4\u00dfig der Eingangs- und Zufahrtsbereich von einem externen Dienstleister ger\u00e4umt. Jedoch bitten wir um Verst\u00e4ndnis, dass in Ausnahmef\u00e4llen auch der Mieter selbst Schnee r\u00e4umen muss, um den Eingangsbereich vom Schnee zu befreien. Bitte beachten Sie, dass es teilweise auch glatt sein kann oder sich Schnee vom Dach l\u00f6sen kann.<\/p>\n<br><\/p>\n        <h2>IX. Rechte der MSR-Group GmbH<\/h2>\n        <h4>1<\/h4>\n       <p> Die MSR-Group GmbH hat zur Sicherstellung des vereinbarten Entgelts das Pfandrecht an den von den G\u00e4sten eingebrachten Gegenst\u00e4nden.<\/p>\n        <h4>2<\/h4>\n       <p> Die MSR-Group GmbH hat das Recht Services\/Zusatzleistungen aus betrieblichen Gr\u00fcnden auch abzulehnen.<\/p>\n        <h4>3<\/h4>\n       <p> Die Kautionssumme wird von der MSR-Group GmbH in angemessenen Fristen zur\u00fcckerstattet, wenn die Unterkunft ordentlich und ohne Besch\u00e4digungen verlassen wird. Eventuelle Schadensersatzanspr\u00fcche erl\u00f6schen durch die R\u00fcckerstattung der Kaution nicht. Vor Ort aufgebuchte (und nicht vorausbezahlte Leistungen) werden von der Kaution in Abzug gebracht. Fehlendes (bewegliches als auch fest montiertes) Inventar wird zum Wiederbeschaffungswert von der Kaution in Abzug gebracht.<\/p>\n       <br><\/p>\n\n        <h2>X. Pflichten der MSR-Group GmbH<\/h2>\n        <h4>1<\/h4>\n       <p> Die MSR-Group GmbH ist verpflichtet, die vereinbarte Mietobjekt und die vereinbarten Zusatzleistungen\/Services in einem dem Standard entsprechenden Umfang zu erbringen.<\/p>\n       \n        <h4>2<\/h4>\n       <p> Alle Services sind Zusatzleistungen und nicht im Beherbergungsentgelt inbegriffen und werden gesondert in Rechnung gestellt.<\/p>\n        <h4>3<\/h4>\n       <p> Die ausgezeichneten Preise sind inklusive der gesetzlichen MwSt.<\/p>\n<br><\/p>\n        <h2>XI. Haftung der MSR-Group GmbH f\u00fcr Sch\u00e4den<\/h2>\n        <p>Die MSR-Group GmbH haftet f\u00fcr Sch\u00e4den, die ein Gast erleidet, wenn sich der Schaden im Rahmen des Betriebes ereignet hat und ihn oder seine Dienstnehmer ein Verschulden trifft. Dar\u00fcber hinaus haftet die MSR-Group GmbH f\u00fcr die von den aufgenommenen G\u00e4sten eingebrachten Sachen bis zu einem H\u00f6chstbetrag von 1.100,00 \u20ac, sofern die MSR-Group GmbH nicht beweist, dass der Schaden weder durch sie oder einem ihrer Dienstnehmer verschuldet, noch durch fremde, im MSR-Group GmbH aus- und eingehende Personen verursacht wurde. Unter diesen Umst\u00e4nden haftet die MSR-Group GmbH f\u00fcr Kostbarkeiten, Geld und Wertpapiere bis zu einem H\u00f6chstbetrag von 550,00 \u20ac. Die Verwahrung von Kostbarkeiten, Geld und Wertpapieren wird aus organisatorischen Gr\u00fcnden explizit verweigert.<\/p>\n<br><\/p>\n\n        <h2>XII. Tierhaltung<\/h2>\n        <h4>1<\/h4>\n       <p> Tiere (Hunde, Katzen etc.) sind nur auf Anfrage erlaubt und bed\u00fcrfen einer schriftlichen Genehmigung durch MSR-Group\/Chalet Risus Vallis.<\/p>\n        <h4>2<\/h4>\n       <p>Die G\u00e4ste haften f\u00fcr den Schaden, den mitgebrachte Tiere anrichten, entsprechend den f\u00fcr den Tierhalter geltenden gesetzlichen Vorschriften.<\/p>\n        <h4>3<\/h4>\n       <p> F\u00fcr Hunde\/Katzen etc. wird \u2013 sofern deren Mitnahme schriftlich genehmigt wurde \u2013 eine zus\u00e4tzliche Geb\u00fchr in H\u00f6he von 35,00 \u20ac pro Tier und pro Aufenthalt erhoben.<\/p>\n       <br><\/p>\n\n        <h2>XIV. Beendigung der Beherbergung<\/h2>\n        <h4>1<\/h4>\n       <p> Der Beherbergungsvertrag endet mit dem vereinbarten Abreisedatum. Reisen die G\u00e4ste vorzeitig ab, so ist die MSR-Group GmbH berechtigt, das volle vereinbarte Entgelt zu verlangen.<\/p>\n        <h4>2<\/h4>\n       <p> Wenn die Vertragserf\u00fcllung durch ein als h\u00f6here Gewalt zu wertendem Ereignis unm\u00f6glich wird, wird der Vertrag aufgel\u00f6st.<\/p>\n        <h4>3<\/h4>\n       <p>Die MSR-Group GmbH ist berechtigt, den Beherbergungsvertrag mit sofortiger Wirkung aufzul\u00f6sen, wenn die G\u00e4ste von den R\u00e4umlichkeiten einen erheblich nachteiligen Gebrauch machen oder sich r\u00fccksichtslos, anst\u00f6\u00dfig oder sonst grob ungeh\u00f6rig verhalten.<\/p>\n<br><\/p>\n\n        <h2>XV. Erf\u00fcllungsort und Gerichtsstand<\/h2>\n        <p>Erf\u00fcllungsort ist der Ort, in dem das gemietete Chalet gelegen ist. F\u00fcr alle Vertragspartner des Beherbergungsbetriebes und eventuell anh\u00e4ngige gerichtliche Streitigkeiten wird ein Bezirksgericht nach Wahl der MSR-Group GmbH, soweit dem keine zwingenden gesetzlichen Bestimmungen entgegenstehen, vereinbart. Es kommt ausschlie\u00dflich \u00f6sterreichisches Recht unter Ausschluss von Kollisionsnormen, die die Anwendung einer anderen Rechtsordnung vorsehen.<\/p>\n<br><\/p>\n        <h2>XVI. Schlussbestimmungen<\/h2>\n        <p>Sollten einzelne Bestimmungen dieser allgemeinen Bedingungen zum Abschluss von Beherbergungsvertr\u00e4gen unwirksam sein, so ber\u00fchrt das die G\u00fcltigkeit der \u00fcbrigen Bestimmungen nicht. Die Berichtigung von Irrt\u00fcmern sowie von Druck- und Rechenfehlern bleibt vorbehalten. Anstelle der ung\u00fcltigen gilt eine hier m\u00f6glichst nahekommende Vereinbarung. Jegliche Abweichung oder Nebenfrage bedarf der Schriftform.<\/p>\n        <br><\/p>\n\n        <h2>XVII. Datenschutzhinweis<\/h2>\n        <p>Die Erhebung, Verarbeitung und Nutzung personenbezogener Daten des Bestellers erfolgt nach Ma\u00dfgabe der geltenden Datenschutzvorschriften sowie unserer Datenschutzerkl\u00e4rung. Mit der Bestellung erkl\u00e4rt sich der Besteller mit der Verarbeitung seiner Daten gem\u00e4\u00df der Datenschutzerkl\u00e4rung einverstanden.<\/p>\n\n        <footer>\n            &copy; 2026 MSR-Group GmbH - Chalet Risus Vallis\n        <\/footer>\n    <\/div>\n<\/body>\n<\/html>\t\t\t\t<\/div>\n\t\t\t\t\t<\/div>\n\t\t\t\t<\/div>\n\t\t\t\t<\/div>\n\t\t","protected":false},"excerpt":{"rendered":"<p>AGB Chalet Risus Vallis Allgemeine Gesch&auml;ftsbedingungen I. Allgemeines Die AGBs stellen jenen Vertragsinhalt dar, zu welchem die MSR-Group GmbH mit ihren G\u00e4sten einen Beherbergungsvertrag abschlie\u00dft. Es gelten ausschlie\u00dflich diese AGBs; andere Vertragsbedingungen werden nicht Vertragsinhalt, auch wenn ihnen nicht ausdr\u00fccklich widersprochen wird. II. Vertragspartner 1 Als Vertragspartner der MSR-Group GmbH gilt im Zweifelsfalle der Besteller\/der [&hellip;]<\/p>\n","protected":false},"author":1,"featured_media":0,"parent":0,"menu_order":0,"comment_status":"closed","ping_status":"closed","template":"elementor_header_footer","meta":{"footnotes":""},"class_list":["post-741","page","type-page","status-publish","hentry"],"_links":{"self":[{"href":"https:\/\/www.risus-vallis.at\/en\/wp-json\/wp\/v2\/pages\/741","targetHints":{"allow":["GET"]}}],"collection":[{"href":"https:\/\/www.risus-vallis.at\/en\/wp-json\/wp\/v2\/pages"}],"about":[{"href":"https:\/\/www.risus-vallis.at\/en\/wp-json\/wp\/v2\/types\/page"}],"author":[{"embeddable":true,"href":"https:\/\/www.risus-vallis.at\/en\/wp-json\/wp\/v2\/users\/1"}],"replies":[{"embeddable":true,"href":"https:\/\/www.risus-vallis.at\/en\/wp-json\/wp\/v2\/comments?post=741"}],"version-history":[{"count":25,"href":"https:\/\/www.risus-vallis.at\/en\/wp-json\/wp\/v2\/pages\/741\/revisions"}],"predecessor-version":[{"id":842,"href":"https:\/\/www.risus-vallis.at\/en\/wp-json\/wp\/v2\/pages\/741\/revisions\/842"}],"wp:attachment":[{"href":"https:\/\/www.risus-vallis.at\/en\/wp-json\/wp\/v2\/media?parent=741"}],"curies":[{"name":"wp","href":"https:\/\/api.w.org\/{rel}","templated":true}]}}