{"id":645,"date":"2026-04-16T21:21:16","date_gmt":"2026-04-16T19:21:16","guid":{"rendered":"https:\/\/www.risus-vallis.at\/?page_id=645"},"modified":"2026-04-28T14:58:30","modified_gmt":"2026-04-28T12:58:30","slug":"datenschutz","status":"publish","type":"page","link":"https:\/\/www.risus-vallis.at\/en\/datenschutz\/","title":{"rendered":"Datenschutz"},"content":{"rendered":"\t\t<div data-elementor-type=\"wp-page\" data-elementor-id=\"645\" class=\"elementor elementor-645\" data-elementor-post-type=\"page\">\n\t\t\t\t<div class=\"elementor-element elementor-element-d15f7c1 e-flex e-con-boxed e-con e-parent\" data-id=\"d15f7c1\" data-element_type=\"container\" data-e-type=\"container\" data-settings=\"{&quot;background_background&quot;:&quot;slideshow&quot;,&quot;background_slideshow_gallery&quot;:[{&quot;id&quot;:265,&quot;url&quot;:&quot;https:\\\/\\\/www.risus-vallis.at\\\/wp-content\\\/uploads\\\/2026\\\/03\\\/IMG_3916.jpg&quot;},{&quot;id&quot;:306,&quot;url&quot;:&quot;https:\\\/\\\/www.risus-vallis.at\\\/wp-content\\\/uploads\\\/2026\\\/03\\\/IMG_3714.jpg&quot;},{&quot;id&quot;:264,&quot;url&quot;:&quot;https:\\\/\\\/www.risus-vallis.at\\\/wp-content\\\/uploads\\\/2026\\\/03\\\/IMG_3836-1.jpg&quot;},{&quot;id&quot;:305,&quot;url&quot;:&quot;https:\\\/\\\/www.risus-vallis.at\\\/wp-content\\\/uploads\\\/2026\\\/03\\\/IMG_3811.jpg&quot;},{&quot;id&quot;:303,&quot;url&quot;:&quot;https:\\\/\\\/www.risus-vallis.at\\\/wp-content\\\/uploads\\\/2026\\\/03\\\/IMG_20190209_114505-1536x1152-1.jpg&quot;}],&quot;background_slideshow_ken_burns&quot;:&quot;yes&quot;,&quot;background_slideshow_loop&quot;:&quot;yes&quot;,&quot;background_slideshow_slide_duration&quot;:5000,&quot;background_slideshow_slide_transition&quot;:&quot;fade&quot;,&quot;background_slideshow_transition_duration&quot;:500,&quot;background_slideshow_ken_burns_zoom_direction&quot;:&quot;in&quot;}\">\n\t\t\t\t\t<div class=\"e-con-inner\">\n\t\t\t\t<div class=\"elementor-element elementor-element-53c7c49 elementor-widget elementor-widget-heading\" data-id=\"53c7c49\" data-element_type=\"widget\" data-e-type=\"widget\" data-widget_type=\"heading.default\">\n\t\t\t\t\t<h2 class=\"elementor-heading-title elementor-size-default\">Datenschutz<\/h2>\t\t\t\t<\/div>\n\t\t\t\t\t<\/div>\n\t\t\t\t<\/div>\n\t\t<div class=\"elementor-element elementor-element-9bba5dd e-flex e-con-boxed e-con e-parent\" data-id=\"9bba5dd\" data-element_type=\"container\" data-e-type=\"container\" data-settings=\"{&quot;background_background&quot;:&quot;classic&quot;}\">\n\t\t\t\t\t<div class=\"e-con-inner\">\n\t\t\t\t<div class=\"elementor-element elementor-element-603d63d elementor-widget elementor-widget-html\" data-id=\"603d63d\" data-element_type=\"widget\" data-e-type=\"widget\" data-widget_type=\"html.default\">\n\t\t\t\t\t<style>\n    .msr-privacy-container {\n        font-family: \"Aller\", sans-serif; \/* Schriftart auf Aller ge\u00e4ndert *\/\n        line-height: 1.7;\n        color: #ffffff;\n        max-width: 800px;\n        font-size: 16px;\n    }\n\n    .msr-privacy-container h2 {\n        font-family: \"Aller\", sans-serif;\n        color: #ffffff;\n        font-weight: bold;\n        text-transform: uppercase;\n        letter-spacing: 1.5px;\n        margin-top: 50px;\n        margin-bottom: 20px;\n        border-bottom: 1px solid rgba(255, 255, 255, 0.2);\n        padding-bottom: 10px;\n        font-size: 1.6rem;\n    }\n\n    .msr-privacy-container h3 {\n        font-family: \"Aller\", sans-serif;\n        color: #ffffff;\n        font-weight: bold;\n        margin-top: 35px;\n        margin-bottom: 15px;\n        font-size: 1.3rem;\n    }\n\n    .msr-privacy-container h4 {\n        font-family: \"Aller\", sans-serif;\n        color: #ffffff;\n        font-weight: bold;\n        margin-top: 25px;\n        margin-bottom: 10px;\n        font-size: 1.1rem;\n    }\n\n    .msr-privacy-container p {\n        margin-bottom: 15px;\n    }\n\n    .msr-privacy-container ul {\n        margin-bottom: 20px;\n        padding-left: 20px;\n    }\n\n    .msr-privacy-container li {\n        margin-bottom: 8px;\n    }\n\n    .msr-privacy-container a {\n        color: #ffffff;\n        text-decoration: underline;\n        opacity: 0.9;\n    }\n\n    .msr-privacy-container a:hover {\n        opacity: 1;\n        text-decoration: none;\n    }\n\n    .msr-privacy-container strong {\n        color: #ffffff;\n    }\n\n    \/* Sektionstrenner *\/\n    .privacy-divider {\n        height: 1px;\n        background: rgba(255, 255, 255, 0.1);\n        margin: 40px 0;\n    }\n<\/style>\n\n<div class=\"msr-privacy-container\">\n\n    <h2>Datenschutz<\/h2>\n    <p>Die Betreiber dieser Seiten nehmen den Schutz Ihrer pers\u00f6nlichen Daten sehr ernst. Wir behandeln Ihre personenbezogenen Daten vertraulich und entsprechend der gesetzlichen Datenschutzvorschriften sowie dieser Datenschutzerkl\u00e4rung.<\/p>\n    <p>Die Nutzung unserer Website ist in der Regel ohne Angabe personenbezogener Daten m\u00f6glich. Soweit auf unseren Seiten personenbezogene Daten (beispielsweise Name, Anschrift oder E-Mail-Adressen) erhoben werden, erfolgt dies, soweit m\u00f6glich, stets auf freiwilliger Basis. Diese Daten werden ohne Ihre ausdr\u00fcckliche Zustimmung nicht an Dritte weitergegeben.<\/p>\n    <p>Wir weisen darauf hin, dass die Daten\u00fcbertragung im Internet (z.B. bei der Kommunikation per E-Mail) Sicherheitsl\u00fccken aufweisen kann. Ein l\u00fcckenloser Schutz der Daten vor dem Zugriff durch Dritte ist nicht m\u00f6glich.<\/p>\n\n    <h3>Hinweis zur verantwortlichen Stelle<\/h3>\n    <p>\n        Die verantwortliche Stelle f\u00fcr die Datenverarbeitung auf dieser Website ist:<br><br>\n        <strong>MSR-Group GmbH<\/strong><br>\n        B\u00fcrgermeister-Sch\u00f6nbauer-Str. 13<br>\n        94060 Pocking, Deutschland<br><br>\n        Tel.: +49 85 31 - 90 04-0<br>\n        Fax: +49 85 31 - 90 04-54<br>\n        Mail: <a href=\"mailto:info@msr-group.eu\">info@msr-group.eu<\/a><br><br>\n        Gesch\u00e4ftsf\u00fchrer: Harald Schmitt\n    <\/p>\n    <p>Verantwortliche Stelle ist die nat\u00fcrliche oder juristische Person, die allein oder gemeinsam mit anderen \u00fcber die Zwecke und Mittel der Verarbeitung von personenbezogenen Daten (z.B. Namen, E-Mail-Adressen o. \u00c4.) entscheidet.<\/p>\n\n    <div class=\"privacy-divider\"><\/div>\n\n    <p>Bei Anliegen zum Datenschutz k\u00f6nnen Sie sich auch an unseren betrieblichen Datenschutzbeauftragten wenden:<\/p>\n    <p>\n        <strong>MSR-Group GmbH<\/strong><br>\n        B\u00fcrgermeister-Sch\u00f6nbauer-Str. 13<br>\n        94060 Pocking<br>\n        Mail: <a href=\"mailto:info@jerschabek-gmbh.de\">info@jerschabek-gmbh.de<\/a>\n    <\/p>\n\n    <h3>Recht auf Auskunft, L\u00f6schung, Sperrung<\/h3>\n    <p>Sie haben jederzeit das Recht auf unentgeltliche Auskunft \u00fcber Ihre gespeicherten personenbezogenen Daten, deren Herkunft und Empf\u00e4nger und den Zweck der Datenverarbeitung sowie ein Recht auf Berichtigung, Sperrung oder L\u00f6schung dieser Daten. Hierzu sowie zu weiteren Fragen zum Thema personenbezogene Daten k\u00f6nnen Sie sich jederzeit unter der im Impressum angegebenen Adresse an uns wenden.<\/p>\n\n    <h3>Beschwerderecht bei der zust\u00e4ndigen Aufsichtsbeh\u00f6rde<\/h3>\n    <p>Im Falle datenschutzrechtlicher Verst\u00f6\u00dfe steht dem Betroffenen ein Beschwerderecht bei der zust\u00e4ndigen Aufsichtsbeh\u00f6rde zu. Eine Liste der Datenschutzbeauftragten sowie deren Kontaktdaten k\u00f6nnen folgendem Link entnommen werden: <a href=\"https:\/\/www.bfdi.bund.de\/DE\/Infothek\/Anschriften_Links\/anschriften_links-node.html\" target=\"_blank\">BfDI Anschriften & Links<\/a>.<\/p>\n\n    <h3>Recht auf Daten\u00fcbertragbarkeit<\/h3>\n    <p>Sie haben das Recht, Daten, die wir auf Grundlage Ihrer Einwilligung oder in Erf\u00fcllung eines Vertrags automatisiert verarbeiten, an sich oder an einen Dritten in einem g\u00e4ngigen, maschinenlesbaren Format aush\u00e4ndigen zu lassen. Sofern Sie die direkte \u00dcbertragung der Daten an einen anderen Verantwortlichen verlangen, erfolgt dies nur, soweit es technisch machbar ist.<\/p>\n\n    <h2>Datenerfassung auf unserer Webseite<\/h2>\n\n    <h3>Cookies<\/h3>\n    <p>Die Internetseiten verwenden teilweise so genannte Cookies. Diese dienen dazu, unser Angebot nutzerfreundlicher, effektiver und sicherer zu machen. Cookies sind kleine Textdateien, die auf Ihrem Rechner abgelegt werden. Die meisten der von uns verwendeten Cookies sind \u201eSession-Cookies\u201c, die nach Ende Ihres Besuchs automatisch gel\u00f6scht werden. Bei der Deaktivierung von Cookies kann die Funktionalit\u00e4t dieser Website eingeschr\u00e4nkt sein.<\/p>\n\n    <h3>Server-Log-Files<\/h3>\n    <p>Der Provider der Seiten erhebt und speichert automatisch Informationen in Server-Log Files, die Ihr Browser automatisch an uns \u00fcbermittelt. Dies sind:<\/p>\n    <ul>\n        <li>Browsertyp und Browserversion<\/li>\n        <li>verwendetes Betriebssystem<\/li>\n        <li>Referrer URL<\/li>\n        <li>Hostname des zugreifenden Rechners<\/li>\n        <li>Uhrzeit der Serveranfrage<\/li>\n    <\/ul>\n\n    <h3>Kontaktformular<\/h3>\n    <p>Wenn Sie uns per Kontaktformular Anfragen zukommen lassen, werden Ihre Angaben aus dem Anfrageformular inklusive der von Ihnen dort angegebenen Kontaktdaten zwecks Bearbeitung der Anfrage gespeichert. Diese Daten geben wir nicht ohne Ihre Einwilligung weiter.<\/p>\n\n    <h3>SSL-Verschl\u00fcsselung<\/h3>\n    <p>Diese Seite nutzt aus Sicherheitsgr\u00fcnden eine SSL-Verschl\u00fcsselung. Eine verschl\u00fcsselte Verbindung erkennen Sie daran, dass die Adresszeile von \"http:\/\/\" auf \"https:\/\/\" wechselt und an dem Schloss-Symbol in Ihrer Browserzeile.<\/p>\n\n    <h3>Datenschutz bei Bewerbungen<\/h3>\n    <p>Wir verwenden Ihre Bewerbungsunterlagen ausschlie\u00dflich zur Entscheidung \u00fcber Ihre Bewerbung. Kommt kein Anstellungsvertrag zustande, werden die Unterlagen sp\u00e4testens 3 Monate nach Absage automatisch gel\u00f6scht.<\/p>\n\n    <h3>webplanner Buchungstool<\/h3>\n    <p>F\u00fcr die Belegung und Buchungen nutzen wir die Software <strong>webplanner<\/strong> (Drubbel 3, 48143 M\u00fcnster). Wir haben eine Vereinbarung zur Auftragsdatenverarbeitung abgeschlossen. Datenschutzhinweise von webplanner finden Sie hier: <a href=\"https:\/\/www.webplanner.de\/datenschutz\" target=\"_blank\">webplanner.de\/datenschutz<\/a>.<\/p>\n\n    <h2>Datenerfassung durch Drittanbieter<\/h2>\n\n    <h3>Google Analytics<\/h3>\n    <p>Diese Website nutzt Google Analytics (Google Inc., USA). Wir haben die <strong>IP-Anonymisierung<\/strong> aktiviert. Die Daten\u00fcbertragung in die USA erfolgt nur in Ausnahmef\u00e4llen ungek\u00fcrzt.<\/p>\n    <p>Widerspruch gegen Datenerfassung: Sie k\u00f6nnen das Browser-Plugin nutzen: <a href=\"http:\/\/tools.google.com\/dlpage\/gaoptout?hl=de\" target=\"_blank\">Google Opt-Out<\/a>.<\/p>\n\n    <h3>YouTube<\/h3>\n    <p>Unsere Website nutzt Plugins von YouTube. Wenn Sie eine unserer Seiten besuchen, wird eine Verbindung zu den Servern von YouTube hergestellt. Weitere Infos: <a href=\"https:\/\/www.google.de\/intl\/de\/policies\/privacy\" target=\"_blank\">Google\/YouTube Datenschutzerkl\u00e4rung<\/a>.<\/p>\n\n<\/div>\t\t\t\t<\/div>\n\t\t\t\t\t<\/div>\n\t\t\t\t<\/div>\n\t\t\t\t<\/div>\n\t\t","protected":false},"excerpt":{"rendered":"<p>Datenschutz Datenschutz Die Betreiber dieser Seiten nehmen den Schutz Ihrer pers\u00f6nlichen Daten sehr ernst. Wir behandeln Ihre personenbezogenen Daten vertraulich und entsprechend der gesetzlichen Datenschutzvorschriften sowie dieser Datenschutzerkl\u00e4rung. Die Nutzung unserer Website ist in der Regel ohne Angabe personenbezogener Daten m\u00f6glich. Soweit auf unseren Seiten personenbezogene Daten (beispielsweise Name, Anschrift oder E-Mail-Adressen) erhoben werden, erfolgt [&hellip;]<\/p>\n","protected":false},"author":1,"featured_media":0,"parent":0,"menu_order":0,"comment_status":"closed","ping_status":"closed","template":"elementor_header_footer","meta":{"footnotes":""},"class_list":["post-645","page","type-page","status-publish","hentry"],"_links":{"self":[{"href":"https:\/\/www.risus-vallis.at\/en\/wp-json\/wp\/v2\/pages\/645","targetHints":{"allow":["GET"]}}],"collection":[{"href":"https:\/\/www.risus-vallis.at\/en\/wp-json\/wp\/v2\/pages"}],"about":[{"href":"https:\/\/www.risus-vallis.at\/en\/wp-json\/wp\/v2\/types\/page"}],"author":[{"embeddable":true,"href":"https:\/\/www.risus-vallis.at\/en\/wp-json\/wp\/v2\/users\/1"}],"replies":[{"embeddable":true,"href":"https:\/\/www.risus-vallis.at\/en\/wp-json\/wp\/v2\/comments?post=645"}],"version-history":[{"count":10,"href":"https:\/\/www.risus-vallis.at\/en\/wp-json\/wp\/v2\/pages\/645\/revisions"}],"predecessor-version":[{"id":720,"href":"https:\/\/www.risus-vallis.at\/en\/wp-json\/wp\/v2\/pages\/645\/revisions\/720"}],"wp:attachment":[{"href":"https:\/\/www.risus-vallis.at\/en\/wp-json\/wp\/v2\/media?parent=645"}],"curies":[{"name":"wp","href":"https:\/\/api.w.org\/{rel}","templated":true}]}}