{"id":443,"date":"2026-03-24T17:05:34","date_gmt":"2026-03-24T16:05:34","guid":{"rendered":"https:\/\/www.risus-vallis.at\/?page_id=443"},"modified":"2026-05-05T15:12:38","modified_gmt":"2026-05-05T13:12:38","slug":"preise","status":"publish","type":"page","link":"https:\/\/www.risus-vallis.at\/en\/preise\/","title":{"rendered":"Preise"},"content":{"rendered":"\t\t<div data-elementor-type=\"wp-page\" data-elementor-id=\"443\" class=\"elementor elementor-443\" data-elementor-post-type=\"page\">\n\t\t\t\t<div class=\"elementor-element elementor-element-d15f7c1 e-flex e-con-boxed e-con e-parent\" data-id=\"d15f7c1\" data-element_type=\"container\" data-e-type=\"container\" data-settings=\"{&quot;background_background&quot;:&quot;slideshow&quot;,&quot;background_slideshow_gallery&quot;:[{&quot;id&quot;:264,&quot;url&quot;:&quot;https:\\\/\\\/www.risus-vallis.at\\\/wp-content\\\/uploads\\\/2026\\\/03\\\/IMG_3836-1.jpg&quot;},{&quot;id&quot;:265,&quot;url&quot;:&quot;https:\\\/\\\/www.risus-vallis.at\\\/wp-content\\\/uploads\\\/2026\\\/03\\\/IMG_3916.jpg&quot;},{&quot;id&quot;:303,&quot;url&quot;:&quot;https:\\\/\\\/www.risus-vallis.at\\\/wp-content\\\/uploads\\\/2026\\\/03\\\/IMG_20190209_114505-1536x1152-1.jpg&quot;},{&quot;id&quot;:305,&quot;url&quot;:&quot;https:\\\/\\\/www.risus-vallis.at\\\/wp-content\\\/uploads\\\/2026\\\/03\\\/IMG_3811.jpg&quot;},{&quot;id&quot;:306,&quot;url&quot;:&quot;https:\\\/\\\/www.risus-vallis.at\\\/wp-content\\\/uploads\\\/2026\\\/03\\\/IMG_3714.jpg&quot;}],&quot;background_slideshow_ken_burns&quot;:&quot;yes&quot;,&quot;background_slideshow_loop&quot;:&quot;yes&quot;,&quot;background_slideshow_slide_duration&quot;:5000,&quot;background_slideshow_slide_transition&quot;:&quot;fade&quot;,&quot;background_slideshow_transition_duration&quot;:500,&quot;background_slideshow_ken_burns_zoom_direction&quot;:&quot;in&quot;}\">\n\t\t\t\t\t<div class=\"e-con-inner\">\n\t\t\t\t<div class=\"elementor-element elementor-element-53c7c49 elementor-widget elementor-widget-heading\" data-id=\"53c7c49\" data-element_type=\"widget\" data-e-type=\"widget\" data-widget_type=\"heading.default\">\n\t\t\t\t\t<h2 class=\"elementor-heading-title elementor-size-default\">Transparent &amp; fair<\/h2>\t\t\t\t<\/div>\n\t\t\t\t<div class=\"elementor-element elementor-element-6bb83d3 elementor-widget elementor-widget-heading\" data-id=\"6bb83d3\" data-element_type=\"widget\" data-e-type=\"widget\" data-widget_type=\"heading.default\">\n\t\t\t\t\t<h2 class=\"elementor-heading-title elementor-size-default\">Hier finden Sie unsere aktuelle Preis\u00fcbersicht f\u00fcr das Jahr 2026<\/h2>\t\t\t\t<\/div>\n\t\t\t\t\t<\/div>\n\t\t\t\t<\/div>\n\t\t<div class=\"elementor-element elementor-element-3b85ea5 e-flex e-con-boxed e-con e-parent\" data-id=\"3b85ea5\" data-element_type=\"container\" data-e-type=\"container\">\n\t\t\t\t\t<div class=\"e-con-inner\">\n\t\t<div class=\"elementor-element elementor-element-0703cdd e-con-full e-flex e-con e-child\" data-id=\"0703cdd\" data-element_type=\"container\" data-e-type=\"container\">\n\t\t\t\t<div class=\"elementor-element elementor-element-04779da elementor-widget__width-initial elementor-widget elementor-widget-image\" data-id=\"04779da\" data-element_type=\"widget\" data-e-type=\"widget\" data-widget_type=\"image.default\">\n\t\t\t\t\t\t\t\t\t\t\t\t\t\t\t\t<a href=\"https:\/\/www.risus-vallis.at\/wp-content\/uploads\/2026\/03\/Risus-Vallis-Preisliste-2026-Final_DE.pdf\">\n\t\t\t\t\t\t\t<img fetchpriority=\"high\" decoding=\"async\" width=\"2560\" height=\"1810\" src=\"https:\/\/www.risus-vallis.at\/wp-content\/uploads\/2026\/03\/Risus-Vallis-Preisliste-2026-Final_DE_Bild_page-0001-scaled-1.jpg\" class=\"attachment-full size-full wp-image-445\" alt=\"\" srcset=\"https:\/\/www.risus-vallis.at\/wp-content\/uploads\/2026\/03\/Risus-Vallis-Preisliste-2026-Final_DE_Bild_page-0001-scaled-1.jpg 2560w, https:\/\/www.risus-vallis.at\/wp-content\/uploads\/2026\/03\/Risus-Vallis-Preisliste-2026-Final_DE_Bild_page-0001-scaled-1-300x212.jpg 300w, https:\/\/www.risus-vallis.at\/wp-content\/uploads\/2026\/03\/Risus-Vallis-Preisliste-2026-Final_DE_Bild_page-0001-scaled-1-1024x724.jpg 1024w, https:\/\/www.risus-vallis.at\/wp-content\/uploads\/2026\/03\/Risus-Vallis-Preisliste-2026-Final_DE_Bild_page-0001-scaled-1-768x543.jpg 768w, https:\/\/www.risus-vallis.at\/wp-content\/uploads\/2026\/03\/Risus-Vallis-Preisliste-2026-Final_DE_Bild_page-0001-scaled-1-1536x1086.jpg 1536w, https:\/\/www.risus-vallis.at\/wp-content\/uploads\/2026\/03\/Risus-Vallis-Preisliste-2026-Final_DE_Bild_page-0001-scaled-1-2048x1448.jpg 2048w\" sizes=\"(max-width: 2560px) 100vw, 2560px\" \/>\t\t\t\t\t\t\t\t<\/a>\n\t\t\t\t\t\t\t\t\t\t\t\t\t\t\t<\/div>\n\t\t\t\t<\/div>\n\t\t\t\t\t<\/div>\n\t\t\t\t<\/div>\n\t\t<div class=\"elementor-element elementor-element-9bba5dd e-flex e-con-boxed e-con e-parent\" data-id=\"9bba5dd\" data-element_type=\"container\" data-e-type=\"container\" data-settings=\"{&quot;background_background&quot;:&quot;classic&quot;}\">\n\t\t\t\t\t<div class=\"e-con-inner\">\n\t\t\t\t<div class=\"elementor-element elementor-element-1ce5ef1 elementor-widget elementor-widget-heading\" data-id=\"1ce5ef1\" data-element_type=\"widget\" data-e-type=\"widget\" data-widget_type=\"heading.default\">\n\t\t\t\t\t<h2 class=\"elementor-heading-title elementor-size-default\">Kostendetails<\/h2>\t\t\t\t<\/div>\n\t\t\t\t<div class=\"elementor-element elementor-element-d4fe1f2 elementor-widget elementor-widget-heading\" data-id=\"d4fe1f2\" data-element_type=\"widget\" data-e-type=\"widget\" data-widget_type=\"heading.default\">\n\t\t\t\t\t<h2 class=\"elementor-heading-title elementor-size-default\">Zus\u00e4tzliche Geb\u00fchren &amp; Kaution<\/h2>\t\t\t\t<\/div>\n\t\t<div class=\"elementor-element elementor-element-7c14a0d e-con-full e-flex e-con e-child\" data-id=\"7c14a0d\" data-element_type=\"container\" data-e-type=\"container\">\n\t\t<div class=\"elementor-element elementor-element-c68651a e-con-full e-flex e-con e-child\" data-id=\"c68651a\" data-element_type=\"container\" data-e-type=\"container\">\n\t\t\t\t<div class=\"elementor-element elementor-element-4b304ab elementor-widget elementor-widget-heading\" data-id=\"4b304ab\" data-element_type=\"widget\" data-e-type=\"widget\" data-widget_type=\"heading.default\">\n\t\t\t\t\t<h2 class=\"elementor-heading-title elementor-size-default\">Nebenkosten<\/h2>\t\t\t\t<\/div>\n\t\t\t\t<div class=\"elementor-element elementor-element-f799a5a elementor-icon-list--layout-traditional elementor-list-item-link-full_width elementor-widget elementor-widget-icon-list\" data-id=\"f799a5a\" data-element_type=\"widget\" data-e-type=\"widget\" data-widget_type=\"icon-list.default\">\n\t\t\t\t\t\t\t<ul class=\"elementor-icon-list-items\">\n\t\t\t\t\t\t\t<li class=\"elementor-icon-list-item\">\n\t\t\t\t\t\t\t\t\t\t\t<span class=\"elementor-icon-list-icon\">\n\t\t\t\t\t\t\t<svg aria-hidden=\"true\" class=\"e-font-icon-svg e-fas-chevron-right\" viewBox=\"0 0 320 512\" xmlns=\"http:\/\/www.w3.org\/2000\/svg\"><path d=\"M285.476 272.971L91.132 467.314c-9.373 9.373-24.569 9.373-33.941 0l-22.667-22.667c-9.357-9.357-9.375-24.522-.04-33.901L188.505 256 34.484 101.255c-9.335-9.379-9.317-24.544.04-33.901l22.667-22.667c9.373-9.373 24.569-9.373 33.941 0L285.475 239.03c9.373 9.372 9.373 24.568.001 33.941z\"><\/path><\/svg>\t\t\t\t\t\t<\/span>\n\t\t\t\t\t\t\t\t\t\t<span class=\"elementor-icon-list-text\">N\u00e4chtigungsabgabe (pro Person\/Nacht ab 16 Jahre): 2,50 \u20ac<\/span>\n\t\t\t\t\t\t\t\t\t<\/li>\n\t\t\t\t\t\t\t\t<li class=\"elementor-icon-list-item\">\n\t\t\t\t\t\t\t\t\t\t\t<span class=\"elementor-icon-list-icon\">\n\t\t\t\t\t\t\t<svg aria-hidden=\"true\" class=\"e-font-icon-svg e-fas-chevron-right\" viewBox=\"0 0 320 512\" xmlns=\"http:\/\/www.w3.org\/2000\/svg\"><path d=\"M285.476 272.971L91.132 467.314c-9.373 9.373-24.569 9.373-33.941 0l-22.667-22.667c-9.357-9.357-9.375-24.522-.04-33.901L188.505 256 34.484 101.255c-9.335-9.379-9.317-24.544.04-33.901l22.667-22.667c9.373-9.373 24.569-9.373 33.941 0L285.475 239.03c9.373 9.372 9.373 24.568.001 33.941z\"><\/path><\/svg>\t\t\t\t\t\t<\/span>\n\t\t\t\t\t\t\t\t\t\t<span class=\"elementor-icon-list-text\">Endreinigung (pro Pauschal): 175,00 \u20ac<\/span>\n\t\t\t\t\t\t\t\t\t<\/li>\n\t\t\t\t\t\t\t\t<li class=\"elementor-icon-list-item\">\n\t\t\t\t\t\t\t\t\t\t\t<span class=\"elementor-icon-list-icon\">\n\t\t\t\t\t\t\t<svg aria-hidden=\"true\" class=\"e-font-icon-svg e-fas-chevron-right\" viewBox=\"0 0 320 512\" xmlns=\"http:\/\/www.w3.org\/2000\/svg\"><path d=\"M285.476 272.971L91.132 467.314c-9.373 9.373-24.569 9.373-33.941 0l-22.667-22.667c-9.357-9.357-9.375-24.522-.04-33.901L188.505 256 34.484 101.255c-9.335-9.379-9.317-24.544.04-33.901l22.667-22.667c9.373-9.373 24.569-9.373 33.941 0L285.475 239.03c9.373 9.372 9.373 24.568.001 33.941z\"><\/path><\/svg>\t\t\t\t\t\t<\/span>\n\t\t\t\t\t\t\t\t\t\t<span class=\"elementor-icon-list-text\">Bettw\u00e4sche\/Handt\u00fccher (pro Person): 11,00 \u20ac<\/span>\n\t\t\t\t\t\t\t\t\t<\/li>\n\t\t\t\t\t\t<\/ul>\n\t\t\t\t\t\t<\/div>\n\t\t\t\t<\/div>\n\t\t<div class=\"elementor-element elementor-element-2b8981b e-con-full e-flex e-con e-child\" data-id=\"2b8981b\" data-element_type=\"container\" data-e-type=\"container\">\n\t\t\t\t<div class=\"elementor-element elementor-element-7aa40ca elementor-widget elementor-widget-heading\" data-id=\"7aa40ca\" data-element_type=\"widget\" data-e-type=\"widget\" data-widget_type=\"heading.default\">\n\t\t\t\t\t<h2 class=\"elementor-heading-title elementor-size-default\">Zahlungsm\u00f6glichkeiten<\/h2>\t\t\t\t<\/div>\n\t\t<div class=\"elementor-element elementor-element-c5e4515 e-con-full e-flex e-con e-child\" data-id=\"c5e4515\" data-element_type=\"container\" data-e-type=\"container\">\n\t\t\t\t<div class=\"elementor-element elementor-element-553bbde elementor-widget__width-initial elementor-widget elementor-widget-text-editor\" data-id=\"553bbde\" data-element_type=\"widget\" data-e-type=\"widget\" data-widget_type=\"text-editor.default\">\n\t\t\t\t\t\t\t\t\t<p><span style=\"font-size: 16px;\"><strong>Empf\u00e4nger:<\/strong><br \/><strong>Bank:<\/strong><br \/><strong>IBAN<\/strong>:<br \/><strong>BIC:<\/strong><\/span><\/p>\t\t\t\t\t\t\t\t<\/div>\n\t\t\t\t<div class=\"elementor-element elementor-element-432a0c3 elementor-widget elementor-widget-text-editor\" data-id=\"432a0c3\" data-element_type=\"widget\" data-e-type=\"widget\" data-widget_type=\"text-editor.default\">\n\t\t\t\t\t\t\t\t\t<p><span style=\"font-size: 16px;\">MSR-Group GmbH<br>Postbank<br>DE02 7601 0085 0095 5828 54<br>PBNKDEFF<\/span><\/p>\t\t\t\t\t\t\t\t<\/div>\n\t\t\t\t<\/div>\n\t\t\t\t<\/div>\n\t\t\t\t<\/div>\n\t\t<div class=\"elementor-element elementor-element-ce12208 e-con-full e-flex e-con e-child\" data-id=\"ce12208\" data-element_type=\"container\" data-e-type=\"container\">\n\t\t<div class=\"elementor-element elementor-element-52f91f4 e-con-full e-flex e-con e-child\" data-id=\"52f91f4\" data-element_type=\"container\" data-e-type=\"container\">\n\t\t\t\t<div class=\"elementor-element elementor-element-0f775fc elementor-widget__width-initial elementor-widget elementor-widget-text-editor\" data-id=\"0f775fc\" data-element_type=\"widget\" data-e-type=\"widget\" data-widget_type=\"text-editor.default\">\n\t\t\t\t\t\t\t\t\t<div style=\"font-size: 16px;\">Alle Preise sind inklusive 10 % Umsatzsteuer.<\/div>\n<div style=\"font-size: 16px;\">Pro Hund und Aufenthalt bereichnen wir eine Hundepauschale von 35\u20ac.<\/div>\n<div style=\"font-size: 16px;\">Die Kaution betr\u00e4gt <strong>500 \u20ac<\/strong> und wird nach Ihrem Aufenthalt wieder zur\u00fcckbezahlt, sollte es keine Gr\u00fcnde zum Einbehalt geben. Es gelten die allgemeinen <strong><a href=\"https:\/\/www.risus-vallis.at\/agb\/\" target=\"_blank\" rel=\"noopener\">Risus Vallis Gesch\u00e4ftsbedingungen<\/a><\/strong>.<\/div>\t\t\t\t\t\t\t\t<\/div>\n\t\t\t\t<\/div>\n\t\t<div class=\"elementor-element elementor-element-9f68e67 e-con-full e-flex e-con e-child\" data-id=\"9f68e67\" data-element_type=\"container\" data-e-type=\"container\">\n\t\t\t\t<div class=\"elementor-element elementor-element-f2bafe6 elementor-widget elementor-widget-heading\" data-id=\"f2bafe6\" data-element_type=\"widget\" data-e-type=\"widget\" data-widget_type=\"heading.default\">\n\t\t\t\t\t<h2 class=\"elementor-heading-title elementor-size-default\">Downloads<\/h2>\t\t\t\t<\/div>\n\t\t\t\t<div class=\"elementor-element elementor-element-17774f3 elementor-icon-list--layout-traditional elementor-list-item-link-full_width elementor-widget elementor-widget-icon-list\" data-id=\"17774f3\" data-element_type=\"widget\" data-e-type=\"widget\" data-widget_type=\"icon-list.default\">\n\t\t\t\t\t\t\t<ul class=\"elementor-icon-list-items\">\n\t\t\t\t\t\t\t<li class=\"elementor-icon-list-item\">\n\t\t\t\t\t\t\t\t\t\t\t<a href=\"https:\/\/www.risus-vallis.at\/wp-content\/uploads\/2026\/03\/Risus-Vallis-Preisliste-2026-Final_DE.pdf\" target=\"_blank\">\n\n\t\t\t\t\t\t\t\t\t\t\t\t<span class=\"elementor-icon-list-icon\">\n\t\t\t\t\t\t\t<svg aria-hidden=\"true\" class=\"e-font-icon-svg e-fas-chevron-right\" viewBox=\"0 0 320 512\" xmlns=\"http:\/\/www.w3.org\/2000\/svg\"><path d=\"M285.476 272.971L91.132 467.314c-9.373 9.373-24.569 9.373-33.941 0l-22.667-22.667c-9.357-9.357-9.375-24.522-.04-33.901L188.505 256 34.484 101.255c-9.335-9.379-9.317-24.544.04-33.901l22.667-22.667c9.373-9.373 24.569-9.373 33.941 0L285.475 239.03c9.373 9.372 9.373 24.568.001 33.941z\"><\/path><\/svg>\t\t\t\t\t\t<\/span>\n\t\t\t\t\t\t\t\t\t\t<span class=\"elementor-icon-list-text\">Preisliste 2026<\/span>\n\t\t\t\t\t\t\t\t\t\t\t<\/a>\n\t\t\t\t\t\t\t\t\t<\/li>\n\t\t\t\t\t\t\t\t<li class=\"elementor-icon-list-item\">\n\t\t\t\t\t\t\t\t\t\t\t<a href=\"https:\/\/www.risus-vallis.at\/wp-content\/uploads\/2026\/03\/Risus-Vallis_Allgemeine-Informationen.pdf\" target=\"_blank\">\n\n\t\t\t\t\t\t\t\t\t\t\t\t<span class=\"elementor-icon-list-icon\">\n\t\t\t\t\t\t\t<svg aria-hidden=\"true\" class=\"e-font-icon-svg e-fas-chevron-right\" viewBox=\"0 0 320 512\" xmlns=\"http:\/\/www.w3.org\/2000\/svg\"><path d=\"M285.476 272.971L91.132 467.314c-9.373 9.373-24.569 9.373-33.941 0l-22.667-22.667c-9.357-9.357-9.375-24.522-.04-33.901L188.505 256 34.484 101.255c-9.335-9.379-9.317-24.544.04-33.901l22.667-22.667c9.373-9.373 24.569-9.373 33.941 0L285.475 239.03c9.373 9.372 9.373 24.568.001 33.941z\"><\/path><\/svg>\t\t\t\t\t\t<\/span>\n\t\t\t\t\t\t\t\t\t\t<span class=\"elementor-icon-list-text\">Informationen<\/span>\n\t\t\t\t\t\t\t\t\t\t\t<\/a>\n\t\t\t\t\t\t\t\t\t<\/li>\n\t\t\t\t\t\t<\/ul>\n\t\t\t\t\t\t<\/div>\n\t\t\t\t<\/div>\n\t\t\t\t<\/div>\n\t\t\t\t\t<\/div>\n\t\t\t\t<\/div>\n\t\t<div class=\"elementor-element elementor-element-08b761d e-flex e-con-boxed e-con e-parent\" data-id=\"08b761d\" data-element_type=\"container\" data-e-type=\"container\" data-settings=\"{&quot;background_background&quot;:&quot;classic&quot;}\">\n\t\t\t\t\t<div class=\"e-con-inner\">\n\t\t<div class=\"elementor-element elementor-element-0f0ef4b e-con-full e-flex e-con e-child\" data-id=\"0f0ef4b\" data-element_type=\"container\" data-e-type=\"container\">\n\t\t\t\t<div class=\"elementor-element elementor-element-2676d7b elementor-widget elementor-widget-image\" data-id=\"2676d7b\" data-element_type=\"widget\" data-e-type=\"widget\" data-widget_type=\"image.default\">\n\t\t\t\t\t\t\t\t\t\t\t\t\t\t\t<img decoding=\"async\" width=\"966\" height=\"1364\" src=\"https:\/\/www.risus-vallis.at\/wp-content\/uploads\/2026\/04\/Gaestebroschuere-1.jpg\" class=\"attachment-full size-full wp-image-574\" alt=\"\" srcset=\"https:\/\/www.risus-vallis.at\/wp-content\/uploads\/2026\/04\/Gaestebroschuere-1.jpg 966w, https:\/\/www.risus-vallis.at\/wp-content\/uploads\/2026\/04\/Gaestebroschuere-1-212x300.jpg 212w, https:\/\/www.risus-vallis.at\/wp-content\/uploads\/2026\/04\/Gaestebroschuere-1-725x1024.jpg 725w, https:\/\/www.risus-vallis.at\/wp-content\/uploads\/2026\/04\/Gaestebroschuere-1-768x1084.jpg 768w\" sizes=\"(max-width: 966px) 100vw, 966px\" \/>\t\t\t\t\t\t\t\t\t\t\t\t\t\t\t<\/div>\n\t\t\t\t<\/div>\n\t\t<div class=\"elementor-element elementor-element-2eea09c e-con-full e-flex e-con e-child\" data-id=\"2eea09c\" data-element_type=\"container\" data-e-type=\"container\">\n\t\t\t\t<div class=\"elementor-element elementor-element-2e6c7e4 elementor-widget elementor-widget-heading\" data-id=\"2e6c7e4\" data-element_type=\"widget\" data-e-type=\"widget\" data-widget_type=\"heading.default\">\n\t\t\t\t\t<h2 class=\"elementor-heading-title elementor-size-default\">Die G\u00e4stebrosch\u00fcre\n<\/h2>\t\t\t\t<\/div>\n\t\t\t\t<div class=\"elementor-element elementor-element-e0074ac elementor-widget elementor-widget-text-editor\" data-id=\"e0074ac\" data-element_type=\"widget\" data-e-type=\"widget\" data-widget_type=\"text-editor.default\">\n\t\t\t\t\t\t\t\t\t<div id=\"panel-7-2-0-0\" class=\"so-panel widget widget_sow-editor panel-first-child\" data-index=\"3\"><div class=\"so-widget-sow-editor so-widget-sow-editor-base\"><div class=\"siteorigin-widget-tinymce textwidget\"><div id=\"panel-7-3-1-0\" class=\"so-panel widget widget_text panel-first-child\" data-index=\"6\"><div class=\"textwidget\"><p>Informieren Sie sich \u00fcber alle Details im Chalet und was Sie im Lachtal unternehmen k\u00f6nnen.<\/p><\/div><\/div><\/div><\/div><\/div>\t\t\t\t\t\t\t\t<\/div>\n\t\t\t\t<div class=\"elementor-element elementor-element-1dd040a elementor-align-left elementor-mobile-align-center elementor-widget elementor-widget-button\" data-id=\"1dd040a\" data-element_type=\"widget\" data-e-type=\"widget\" data-widget_type=\"button.default\">\n\t\t\t\t\t\t\t\t\t\t<a class=\"elementor-button elementor-button-link elementor-size-sm\" href=\"\/gaestebroschuere\/\" target=\"_blank\">\n\t\t\t\t\t\t<span class=\"elementor-button-content-wrapper\">\n\t\t\t\t\t\t<span class=\"elementor-button-icon\">\n\t\t\t\t<svg aria-hidden=\"true\" class=\"e-font-icon-svg e-fas-arrow-alt-circle-right\" viewBox=\"0 0 512 512\" xmlns=\"http:\/\/www.w3.org\/2000\/svg\"><path d=\"M256 8c137 0 248 111 248 248S393 504 256 504 8 393 8 256 119 8 256 8zM140 300h116v70.9c0 10.7 13 16.1 20.5 8.5l114.3-114.9c4.7-4.7 4.7-12.2 0-16.9l-114.3-115c-7.6-7.6-20.5-2.2-20.5 8.5V212H140c-6.6 0-12 5.4-12 12v64c0 6.6 5.4 12 12 12z\"><\/path><\/svg>\t\t\t<\/span>\n\t\t\t\t\t\t\t\t\t<span class=\"elementor-button-text\">G\u00e4stebrosch\u00fcre anschauen<\/span>\n\t\t\t\t\t<\/span>\n\t\t\t\t\t<\/a>\n\t\t\t\t\t\t\t\t<\/div>\n\t\t\t\t<\/div>\n\t\t\t\t\t<\/div>\n\t\t\t\t<\/div>\n\t\t\t\t<\/div>\n\t\t","protected":false},"excerpt":{"rendered":"<p>Transparent &amp; fair Hier finden Sie unsere aktuelle Preis\u00fcbersicht f\u00fcr das Jahr 2026 Kostendetails Zus\u00e4tzliche Geb\u00fchren &amp; Kaution Nebenkosten N\u00e4chtigungsabgabe (pro Person\/Nacht ab 16 Jahre): 2,50 \u20ac Endreinigung (pro Pauschal): 175,00 \u20ac Bettw\u00e4sche\/Handt\u00fccher (pro Person): 11,00 \u20ac Zahlungsm\u00f6glichkeiten Empf\u00e4nger:Bank:IBAN:BIC: MSR-Group GmbHPostbankDE02 7601 0085 0095 5828 54PBNKDEFF Alle Preise sind inklusive 10 % Umsatzsteuer. Pro Hund [&hellip;]<\/p>\n","protected":false},"author":1,"featured_media":0,"parent":0,"menu_order":0,"comment_status":"closed","ping_status":"closed","template":"elementor_header_footer","meta":{"footnotes":""},"class_list":["post-443","page","type-page","status-publish","hentry"],"_links":{"self":[{"href":"https:\/\/www.risus-vallis.at\/en\/wp-json\/wp\/v2\/pages\/443","targetHints":{"allow":["GET"]}}],"collection":[{"href":"https:\/\/www.risus-vallis.at\/en\/wp-json\/wp\/v2\/pages"}],"about":[{"href":"https:\/\/www.risus-vallis.at\/en\/wp-json\/wp\/v2\/types\/page"}],"author":[{"embeddable":true,"href":"https:\/\/www.risus-vallis.at\/en\/wp-json\/wp\/v2\/users\/1"}],"replies":[{"embeddable":true,"href":"https:\/\/www.risus-vallis.at\/en\/wp-json\/wp\/v2\/comments?post=443"}],"version-history":[{"count":79,"href":"https:\/\/www.risus-vallis.at\/en\/wp-json\/wp\/v2\/pages\/443\/revisions"}],"predecessor-version":[{"id":857,"href":"https:\/\/www.risus-vallis.at\/en\/wp-json\/wp\/v2\/pages\/443\/revisions\/857"}],"wp:attachment":[{"href":"https:\/\/www.risus-vallis.at\/en\/wp-json\/wp\/v2\/media?parent=443"}],"curies":[{"name":"wp","href":"https:\/\/api.w.org\/{rel}","templated":true}]}}