{"id":10,"date":"2026-02-11T11:45:45","date_gmt":"2026-02-11T10:45:45","guid":{"rendered":"https:\/\/www.risus-vallis.at\/?page_id=10"},"modified":"2026-05-05T13:53:49","modified_gmt":"2026-05-05T11:53:49","slug":"home","status":"publish","type":"page","link":"https:\/\/www.risus-vallis.at\/en\/","title":{"rendered":"Home"},"content":{"rendered":"\t\t<div data-elementor-type=\"wp-page\" data-elementor-id=\"10\" class=\"elementor elementor-10\" data-elementor-post-type=\"page\">\n\t\t\t\t<div class=\"elementor-element elementor-element-d15f7c1 e-flex e-con-boxed e-con e-parent\" data-id=\"d15f7c1\" data-element_type=\"container\" data-e-type=\"container\" data-settings=\"{&quot;background_background&quot;:&quot;slideshow&quot;,&quot;background_slideshow_gallery&quot;:[{&quot;id&quot;:265,&quot;url&quot;:&quot;https:\\\/\\\/www.risus-vallis.at\\\/wp-content\\\/uploads\\\/2026\\\/03\\\/IMG_3916.jpg&quot;},{&quot;id&quot;:306,&quot;url&quot;:&quot;https:\\\/\\\/www.risus-vallis.at\\\/wp-content\\\/uploads\\\/2026\\\/03\\\/IMG_3714.jpg&quot;},{&quot;id&quot;:264,&quot;url&quot;:&quot;https:\\\/\\\/www.risus-vallis.at\\\/wp-content\\\/uploads\\\/2026\\\/03\\\/IMG_3836-1.jpg&quot;},{&quot;id&quot;:305,&quot;url&quot;:&quot;https:\\\/\\\/www.risus-vallis.at\\\/wp-content\\\/uploads\\\/2026\\\/03\\\/IMG_3811.jpg&quot;},{&quot;id&quot;:303,&quot;url&quot;:&quot;https:\\\/\\\/www.risus-vallis.at\\\/wp-content\\\/uploads\\\/2026\\\/03\\\/IMG_20190209_114505-1536x1152-1.jpg&quot;}],&quot;background_slideshow_ken_burns&quot;:&quot;yes&quot;,&quot;background_slideshow_loop&quot;:&quot;yes&quot;,&quot;background_slideshow_slide_duration&quot;:5000,&quot;background_slideshow_slide_transition&quot;:&quot;fade&quot;,&quot;background_slideshow_transition_duration&quot;:500,&quot;background_slideshow_ken_burns_zoom_direction&quot;:&quot;in&quot;}\">\n\t\t\t\t\t<div class=\"e-con-inner\">\n\t\t\t\t<div class=\"elementor-element elementor-element-53c7c49 elementor-widget elementor-widget-heading\" data-id=\"53c7c49\" data-element_type=\"widget\" data-e-type=\"widget\" data-widget_type=\"heading.default\">\n\t\t\t\t\t<h2 class=\"elementor-heading-title elementor-size-default\">Chalet Risus Vallis<\/h2>\t\t\t\t<\/div>\n\t\t\t\t<div class=\"elementor-element elementor-element-6bb83d3 elementor-widget elementor-widget-heading\" data-id=\"6bb83d3\" data-element_type=\"widget\" data-e-type=\"widget\" data-widget_type=\"heading.default\">\n\t\t\t\t\t<h2 class=\"elementor-heading-title elementor-size-default\">Exklusives Chalet-Erlebnis im Lachtal <\/h2>\t\t\t\t<\/div>\n\t\t\t\t<div class=\"elementor-element elementor-element-d1b7091 elementor-align-center elementor-widget elementor-widget-button\" data-id=\"d1b7091\" data-element_type=\"widget\" data-e-type=\"widget\" data-widget_type=\"button.default\">\n\t\t\t\t\t\t\t\t\t\t<a class=\"elementor-button elementor-button-link elementor-size-sm\" href=\"\/anfrage\/\">\n\t\t\t\t\t\t<span class=\"elementor-button-content-wrapper\">\n\t\t\t\t\t\t<span class=\"elementor-button-icon\">\n\t\t\t\t<svg aria-hidden=\"true\" class=\"e-font-icon-svg e-fas-arrow-alt-circle-right\" viewBox=\"0 0 512 512\" xmlns=\"http:\/\/www.w3.org\/2000\/svg\"><path d=\"M256 8c137 0 248 111 248 248S393 504 256 504 8 393 8 256 119 8 256 8zM140 300h116v70.9c0 10.7 13 16.1 20.5 8.5l114.3-114.9c4.7-4.7 4.7-12.2 0-16.9l-114.3-115c-7.6-7.6-20.5-2.2-20.5 8.5V212H140c-6.6 0-12 5.4-12 12v64c0 6.6 5.4 12 12 12z\"><\/path><\/svg>\t\t\t<\/span>\n\t\t\t\t\t\t\t\t\t<span class=\"elementor-button-text\">Jetzt anfragen<\/span>\n\t\t\t\t\t<\/span>\n\t\t\t\t\t<\/a>\n\t\t\t\t\t\t\t\t<\/div>\n\t\t\t\t\t<\/div>\n\t\t\t\t<\/div>\n\t\t<div class=\"elementor-element elementor-element-3b85ea5 e-flex e-con-boxed e-con e-parent\" data-id=\"3b85ea5\" data-element_type=\"container\" data-e-type=\"container\">\n\t\t\t\t\t<div class=\"e-con-inner\">\n\t\t<div class=\"elementor-element elementor-element-5057db4 e-con-full e-flex e-con e-child\" data-id=\"5057db4\" data-element_type=\"container\" data-e-type=\"container\">\n\t\t\t\t<div class=\"elementor-element elementor-element-d0e0caa elementor-widget elementor-widget-heading\" data-id=\"d0e0caa\" data-element_type=\"widget\" data-e-type=\"widget\" data-widget_type=\"heading.default\">\n\t\t\t\t\t<h2 class=\"elementor-heading-title elementor-size-default\">Einfach nur genie\u00dfen<\/h2>\t\t\t\t<\/div>\n\t\t\t\t<div class=\"elementor-element elementor-element-bfbf065 elementor-widget__width-initial elementor-widget elementor-widget-heading\" data-id=\"bfbf065\" data-element_type=\"widget\" data-e-type=\"widget\" data-widget_type=\"heading.default\">\n\t\t\t\t\t<h2 class=\"elementor-heading-title elementor-size-default\">Ihr Chalet f\u00fcr bis zu 10 Personen<\/h2>\t\t\t\t<\/div>\n\t\t\t\t<div class=\"elementor-element elementor-element-dcc5150 elementor-widget elementor-widget-text-editor\" data-id=\"dcc5150\" data-element_type=\"widget\" data-e-type=\"widget\" data-widget_type=\"text-editor.default\">\n\t\t\t\t\t\t\t\t\t<p><strong>Das Risus Vallis ist einzigartig und mit viel Liebe zum Detail eingerichtet &#8211; das macht Ihren Aufenthalt so besonders:<\/strong><\/p><p>Jedes der 4 Schlafzimmer ist mit einem eigenen Bad (inkl. WC und Dusche) und einem Zugang zu einer Terrasse ausgestattet. Unsere Sauna hat einen fantastischen Blick auf das Gebiet. Im gro\u00dfz\u00fcgigen Wohn- und Esszimmer genie\u00dfen Sie vor dem Kamin pure Gem\u00fctlichkeit oder sitzen auf der urigen Terrasse und schauen in die sch\u00f6ne Landschaft.<\/p><p>Und das Beste: Starten Sie Ihre Wanderungen oder Ihr Skiabenteuer direkt vom Chalet aus.<\/p><p><span style=\"font-family: -apple-system, BlinkMacSystemFont, 'Segoe UI', Roboto, 'Helvetica Neue', Arial, 'Noto Sans', sans-serif, 'Apple Color Emoji', 'Segoe UI Emoji', 'Segoe UI Symbol', 'Noto Color Emoji';\">Freuen Sie sich auf eine sch\u00f6ne Zeit im Lachtal.<\/span><\/p>\t\t\t\t\t\t\t\t<\/div>\n\t\t\t\t<div class=\"elementor-element elementor-element-8188619 elementor-align-left elementor-mobile-align-center elementor-widget elementor-widget-button\" data-id=\"8188619\" data-element_type=\"widget\" data-e-type=\"widget\" data-widget_type=\"button.default\">\n\t\t\t\t\t\t\t\t\t\t<a class=\"elementor-button elementor-button-link elementor-size-sm\" href=\"\/anfrage\/\">\n\t\t\t\t\t\t<span class=\"elementor-button-content-wrapper\">\n\t\t\t\t\t\t<span class=\"elementor-button-icon\">\n\t\t\t\t<svg aria-hidden=\"true\" class=\"e-font-icon-svg e-fas-arrow-alt-circle-right\" viewBox=\"0 0 512 512\" xmlns=\"http:\/\/www.w3.org\/2000\/svg\"><path d=\"M256 8c137 0 248 111 248 248S393 504 256 504 8 393 8 256 119 8 256 8zM140 300h116v70.9c0 10.7 13 16.1 20.5 8.5l114.3-114.9c4.7-4.7 4.7-12.2 0-16.9l-114.3-115c-7.6-7.6-20.5-2.2-20.5 8.5V212H140c-6.6 0-12 5.4-12 12v64c0 6.6 5.4 12 12 12z\"><\/path><\/svg>\t\t\t<\/span>\n\t\t\t\t\t\t\t\t\t<span class=\"elementor-button-text\">Jetzt anfragen<\/span>\n\t\t\t\t\t<\/span>\n\t\t\t\t\t<\/a>\n\t\t\t\t\t\t\t\t<\/div>\n\t\t\t\t<\/div>\n\t\t<div class=\"elementor-element elementor-element-0703cdd e-con-full e-flex e-con e-child\" data-id=\"0703cdd\" data-element_type=\"container\" data-e-type=\"container\">\n\t\t\t\t<div class=\"elementor-element elementor-element-191b397 elementor-skin-slideshow elementor-arrows-yes elementor-widget elementor-widget-media-carousel\" data-id=\"191b397\" data-element_type=\"widget\" data-e-type=\"widget\" data-settings=\"{&quot;skin&quot;:&quot;slideshow&quot;,&quot;slideshow_slides_per_view&quot;:&quot;4&quot;,&quot;effect&quot;:&quot;slide&quot;,&quot;show_arrows&quot;:&quot;yes&quot;,&quot;speed&quot;:500,&quot;autoplay&quot;:&quot;yes&quot;,&quot;autoplay_speed&quot;:5000,&quot;loop&quot;:&quot;yes&quot;,&quot;pause_on_hover&quot;:&quot;yes&quot;,&quot;pause_on_interaction&quot;:&quot;yes&quot;,&quot;space_between&quot;:{&quot;unit&quot;:&quot;px&quot;,&quot;size&quot;:10,&quot;sizes&quot;:[]},&quot;space_between_tablet&quot;:{&quot;unit&quot;:&quot;px&quot;,&quot;size&quot;:10,&quot;sizes&quot;:[]},&quot;space_between_mobile&quot;:{&quot;unit&quot;:&quot;px&quot;,&quot;size&quot;:10,&quot;sizes&quot;:[]}}\" data-widget_type=\"media-carousel.default\">\n\t\t\t\t\t\t\t\t\t\t<div class=\"elementor-main-swiper swiper\" role=\"region\" aria-roledescription=\"carousel\" aria-label=\"Slides\">\n\t\t\t\t<div class=\"swiper-wrapper\">\n\t\t\t\t\t\t\t\t\t\t\t<div class=\"swiper-slide\" role=\"group\" aria-roledescription=\"slide\">\n\t\t\t\t\t\t\t<a href=\"https:\/\/www.risus-vallis.at\/wp-content\/uploads\/2026\/03\/IMG_3836-1.jpg\" data-elementor-open-lightbox=\"yes\" data-elementor-lightbox-slideshow=\"191b397\" data-elementor-lightbox-title=\"IMG_3836-1\" data-e-action-hash=\"#elementor-action%3Aaction%3Dlightbox%26settings%3DeyJpZCI6MjY0LCJ1cmwiOiJodHRwczpcL1wvd3d3LnJpc3VzLXZhbGxpcy5hdFwvd3AtY29udGVudFwvdXBsb2Fkc1wvMjAyNlwvMDNcL0lNR18zODM2LTEuanBnIiwic2xpZGVzaG93IjoiMTkxYjM5NyJ9\">\t\t<div class=\"elementor-carousel-image\" role=\"img\" aria-label=\"IMG_3836-1\" style=\"background-image: url(&#039;https:\/\/www.risus-vallis.at\/wp-content\/uploads\/2026\/03\/IMG_3836-1.jpg&#039;)\">\n\n\t\t\t\n\t\t\t\t\t<\/div>\n\t\t<\/a>\t\t\t\t\t\t<\/div>\n\t\t\t\t\t\t\t\t\t\t\t<div class=\"swiper-slide\" role=\"group\" aria-roledescription=\"slide\">\n\t\t\t\t\t\t\t<a href=\"https:\/\/www.risus-vallis.at\/wp-content\/uploads\/2026\/03\/IMG_3916.jpg\" data-elementor-open-lightbox=\"yes\" data-elementor-lightbox-slideshow=\"191b397\" data-elementor-lightbox-title=\"IMG_3916\" data-e-action-hash=\"#elementor-action%3Aaction%3Dlightbox%26settings%3DeyJpZCI6MjY1LCJ1cmwiOiJodHRwczpcL1wvd3d3LnJpc3VzLXZhbGxpcy5hdFwvd3AtY29udGVudFwvdXBsb2Fkc1wvMjAyNlwvMDNcL0lNR18zOTE2LmpwZyIsInNsaWRlc2hvdyI6IjE5MWIzOTcifQ%3D%3D\">\t\t<div class=\"elementor-carousel-image\" role=\"img\" aria-label=\"IMG_3916\" style=\"background-image: url(&#039;https:\/\/www.risus-vallis.at\/wp-content\/uploads\/2026\/03\/IMG_3916.jpg&#039;)\">\n\n\t\t\t\n\t\t\t\t\t<\/div>\n\t\t<\/a>\t\t\t\t\t\t<\/div>\n\t\t\t\t\t\t\t\t\t\t\t<div class=\"swiper-slide\" role=\"group\" aria-roledescription=\"slide\">\n\t\t\t\t\t\t\t<a href=\"https:\/\/www.risus-vallis.at\/wp-content\/uploads\/2026\/03\/IMG_3909.jpg\" data-elementor-open-lightbox=\"yes\" data-elementor-lightbox-slideshow=\"191b397\" data-elementor-lightbox-title=\"IMG_3909\" data-e-action-hash=\"#elementor-action%3Aaction%3Dlightbox%26settings%3DeyJpZCI6MjY2LCJ1cmwiOiJodHRwczpcL1wvd3d3LnJpc3VzLXZhbGxpcy5hdFwvd3AtY29udGVudFwvdXBsb2Fkc1wvMjAyNlwvMDNcL0lNR18zOTA5LmpwZyIsInNsaWRlc2hvdyI6IjE5MWIzOTcifQ%3D%3D\">\t\t<div class=\"elementor-carousel-image\" role=\"img\" aria-label=\"IMG_3909\" style=\"background-image: url(&#039;https:\/\/www.risus-vallis.at\/wp-content\/uploads\/2026\/03\/IMG_3909.jpg&#039;)\">\n\n\t\t\t\n\t\t\t\t\t<\/div>\n\t\t<\/a>\t\t\t\t\t\t<\/div>\n\t\t\t\t\t\t\t\t\t\t\t<div class=\"swiper-slide\" role=\"group\" aria-roledescription=\"slide\">\n\t\t\t\t\t\t\t<a href=\"https:\/\/www.risus-vallis.at\/wp-content\/uploads\/2026\/03\/IMG_20190209_114505-1536x1152-1.jpg\" data-elementor-open-lightbox=\"yes\" data-elementor-lightbox-slideshow=\"191b397\" data-elementor-lightbox-title=\"IMG_20190209_114505-1536x1152\" data-e-action-hash=\"#elementor-action%3Aaction%3Dlightbox%26settings%3DeyJpZCI6MzAzLCJ1cmwiOiJodHRwczpcL1wvd3d3LnJpc3VzLXZhbGxpcy5hdFwvd3AtY29udGVudFwvdXBsb2Fkc1wvMjAyNlwvMDNcL0lNR18yMDE5MDIwOV8xMTQ1MDUtMTUzNngxMTUyLTEuanBnIiwic2xpZGVzaG93IjoiMTkxYjM5NyJ9\">\t\t<div class=\"elementor-carousel-image\" role=\"img\" aria-label=\"IMG_20190209_114505-1536x1152\" style=\"background-image: url(&#039;https:\/\/www.risus-vallis.at\/wp-content\/uploads\/2026\/03\/IMG_20190209_114505-1536x1152-1.jpg&#039;)\">\n\n\t\t\t\n\t\t\t\t\t<\/div>\n\t\t<\/a>\t\t\t\t\t\t<\/div>\n\t\t\t\t\t\t\t\t\t\t\t<div class=\"swiper-slide\" role=\"group\" aria-roledescription=\"slide\">\n\t\t\t\t\t\t\t<a href=\"https:\/\/www.risus-vallis.at\/wp-content\/uploads\/2026\/03\/IMG_20190203_211647-1536x1184-1.jpg\" data-elementor-open-lightbox=\"yes\" data-elementor-lightbox-slideshow=\"191b397\" data-elementor-lightbox-title=\"IMG_20190203_211647-1536x1184\" data-e-action-hash=\"#elementor-action%3Aaction%3Dlightbox%26settings%3DeyJpZCI6MzA0LCJ1cmwiOiJodHRwczpcL1wvd3d3LnJpc3VzLXZhbGxpcy5hdFwvd3AtY29udGVudFwvdXBsb2Fkc1wvMjAyNlwvMDNcL0lNR18yMDE5MDIwM18yMTE2NDctMTUzNngxMTg0LTEuanBnIiwic2xpZGVzaG93IjoiMTkxYjM5NyJ9\">\t\t<div class=\"elementor-carousel-image\" role=\"img\" aria-label=\"IMG_20190203_211647-1536x1184\" style=\"background-image: url(&#039;https:\/\/www.risus-vallis.at\/wp-content\/uploads\/2026\/03\/IMG_20190203_211647-1536x1184-1.jpg&#039;)\">\n\n\t\t\t\n\t\t\t\t\t<\/div>\n\t\t<\/a>\t\t\t\t\t\t<\/div>\n\t\t\t\t\t\t\t\t\t\t\t<div class=\"swiper-slide\" role=\"group\" aria-roledescription=\"slide\">\n\t\t\t\t\t\t\t<a href=\"https:\/\/www.risus-vallis.at\/wp-content\/uploads\/2026\/03\/IMG_3811.jpg\" data-elementor-open-lightbox=\"yes\" data-elementor-lightbox-slideshow=\"191b397\" data-elementor-lightbox-title=\"IMG_3811\" data-e-action-hash=\"#elementor-action%3Aaction%3Dlightbox%26settings%3DeyJpZCI6MzA1LCJ1cmwiOiJodHRwczpcL1wvd3d3LnJpc3VzLXZhbGxpcy5hdFwvd3AtY29udGVudFwvdXBsb2Fkc1wvMjAyNlwvMDNcL0lNR18zODExLmpwZyIsInNsaWRlc2hvdyI6IjE5MWIzOTcifQ%3D%3D\">\t\t<div class=\"elementor-carousel-image\" role=\"img\" aria-label=\"IMG_3811\" style=\"background-image: url(&#039;https:\/\/www.risus-vallis.at\/wp-content\/uploads\/2026\/03\/IMG_3811.jpg&#039;)\">\n\n\t\t\t\n\t\t\t\t\t<\/div>\n\t\t<\/a>\t\t\t\t\t\t<\/div>\n\t\t\t\t\t\t\t\t\t\t\t<div class=\"swiper-slide\" role=\"group\" aria-roledescription=\"slide\">\n\t\t\t\t\t\t\t<a href=\"https:\/\/www.risus-vallis.at\/wp-content\/uploads\/2026\/03\/IMG_3714.jpg\" data-elementor-open-lightbox=\"yes\" data-elementor-lightbox-slideshow=\"191b397\" data-elementor-lightbox-title=\"IMG_3714\" data-e-action-hash=\"#elementor-action%3Aaction%3Dlightbox%26settings%3DeyJpZCI6MzA2LCJ1cmwiOiJodHRwczpcL1wvd3d3LnJpc3VzLXZhbGxpcy5hdFwvd3AtY29udGVudFwvdXBsb2Fkc1wvMjAyNlwvMDNcL0lNR18zNzE0LmpwZyIsInNsaWRlc2hvdyI6IjE5MWIzOTcifQ%3D%3D\">\t\t<div class=\"elementor-carousel-image\" role=\"img\" aria-label=\"IMG_3714\" style=\"background-image: url(&#039;https:\/\/www.risus-vallis.at\/wp-content\/uploads\/2026\/03\/IMG_3714.jpg&#039;)\">\n\n\t\t\t\n\t\t\t\t\t<\/div>\n\t\t<\/a>\t\t\t\t\t\t<\/div>\n\t\t\t\t\t\t\t\t\t<\/div>\n\t\t\t\t\t\t\t\t\t\t\t\t\t\t\t<div class=\"elementor-swiper-button elementor-swiper-button-prev\" role=\"button\" tabindex=\"0\" aria-label=\"Previous\">\n\t\t\t\t\t\t\t<svg aria-hidden=\"true\" class=\"e-font-icon-svg e-eicon-chevron-left\" viewBox=\"0 0 1000 1000\" xmlns=\"http:\/\/www.w3.org\/2000\/svg\"><path d=\"M646 125C629 125 613 133 604 142L308 442C296 454 292 471 292 487 292 504 296 521 308 533L604 854C617 867 629 875 646 875 663 875 679 871 692 858 704 846 713 829 713 812 713 796 708 779 692 767L438 487 692 225C700 217 708 204 708 187 708 171 704 154 692 142 675 129 663 125 646 125Z\"><\/path><\/svg>\t\t\t\t\t\t<\/div>\n\t\t\t\t\t\t<div class=\"elementor-swiper-button elementor-swiper-button-next\" role=\"button\" tabindex=\"0\" aria-label=\"Next\">\n\t\t\t\t\t\t\t<svg aria-hidden=\"true\" class=\"e-font-icon-svg e-eicon-chevron-right\" viewBox=\"0 0 1000 1000\" xmlns=\"http:\/\/www.w3.org\/2000\/svg\"><path d=\"M696 533C708 521 713 504 713 487 713 471 708 454 696 446L400 146C388 133 375 125 354 125 338 125 325 129 313 142 300 154 292 171 292 187 292 204 296 221 308 233L563 492 304 771C292 783 288 800 288 817 288 833 296 850 308 863 321 871 338 875 354 875 371 875 388 867 400 854L696 533Z\"><\/path><\/svg>\t\t\t\t\t\t<\/div>\n\t\t\t\t\t\t\t\t\t\t\t\t\t\t\t\t\t<\/div>\n\t\t\t\t\t\t\t\t\t<div class=\"elementor-main-swiper swiper elementor-thumbnails-swiper swiper\" role=\"region region\" aria-roledescription=\"carousel carousel\" aria-label=\"Slides Slides\">\n\t\t\t\t<div class=\"swiper-wrapper\">\n\t\t\t\t\t\t\t\t\t\t\t<div class=\"swiper-slide\" role=\"group\" aria-roledescription=\"slide\">\n\t\t\t\t\t\t\t\t\t<div class=\"elementor-carousel-image\" role=\"img\" aria-label=\"IMG_3836-1\" style=\"background-image: url(&#039;https:\/\/www.risus-vallis.at\/wp-content\/uploads\/2026\/03\/IMG_3836-1.jpg&#039;)\">\n\n\t\t\t\n\t\t\t\t\t<\/div>\n\t\t<\/a>\t\t\t\t\t\t<\/div>\n\t\t\t\t\t\t\t\t\t\t\t<div class=\"swiper-slide\" role=\"group\" aria-roledescription=\"slide\">\n\t\t\t\t\t\t\t\t\t<div class=\"elementor-carousel-image\" role=\"img\" aria-label=\"IMG_3916\" style=\"background-image: url(&#039;https:\/\/www.risus-vallis.at\/wp-content\/uploads\/2026\/03\/IMG_3916.jpg&#039;)\">\n\n\t\t\t\n\t\t\t\t\t<\/div>\n\t\t<\/a>\t\t\t\t\t\t<\/div>\n\t\t\t\t\t\t\t\t\t\t\t<div class=\"swiper-slide\" role=\"group\" aria-roledescription=\"slide\">\n\t\t\t\t\t\t\t\t\t<div class=\"elementor-carousel-image\" role=\"img\" aria-label=\"IMG_3909\" style=\"background-image: url(&#039;https:\/\/www.risus-vallis.at\/wp-content\/uploads\/2026\/03\/IMG_3909.jpg&#039;)\">\n\n\t\t\t\n\t\t\t\t\t<\/div>\n\t\t<\/a>\t\t\t\t\t\t<\/div>\n\t\t\t\t\t\t\t\t\t\t\t<div class=\"swiper-slide\" role=\"group\" aria-roledescription=\"slide\">\n\t\t\t\t\t\t\t\t\t<div class=\"elementor-carousel-image\" role=\"img\" aria-label=\"IMG_20190209_114505-1536x1152\" style=\"background-image: url(&#039;https:\/\/www.risus-vallis.at\/wp-content\/uploads\/2026\/03\/IMG_20190209_114505-1536x1152-1.jpg&#039;)\">\n\n\t\t\t\n\t\t\t\t\t<\/div>\n\t\t<\/a>\t\t\t\t\t\t<\/div>\n\t\t\t\t\t\t\t\t\t\t\t<div class=\"swiper-slide\" role=\"group\" aria-roledescription=\"slide\">\n\t\t\t\t\t\t\t\t\t<div class=\"elementor-carousel-image\" role=\"img\" aria-label=\"IMG_20190203_211647-1536x1184\" style=\"background-image: url(&#039;https:\/\/www.risus-vallis.at\/wp-content\/uploads\/2026\/03\/IMG_20190203_211647-1536x1184-1.jpg&#039;)\">\n\n\t\t\t\n\t\t\t\t\t<\/div>\n\t\t<\/a>\t\t\t\t\t\t<\/div>\n\t\t\t\t\t\t\t\t\t\t\t<div class=\"swiper-slide\" role=\"group\" aria-roledescription=\"slide\">\n\t\t\t\t\t\t\t\t\t<div class=\"elementor-carousel-image\" role=\"img\" aria-label=\"IMG_3811\" style=\"background-image: url(&#039;https:\/\/www.risus-vallis.at\/wp-content\/uploads\/2026\/03\/IMG_3811.jpg&#039;)\">\n\n\t\t\t\n\t\t\t\t\t<\/div>\n\t\t<\/a>\t\t\t\t\t\t<\/div>\n\t\t\t\t\t\t\t\t\t\t\t<div class=\"swiper-slide\" role=\"group\" aria-roledescription=\"slide\">\n\t\t\t\t\t\t\t\t\t<div class=\"elementor-carousel-image\" role=\"img\" aria-label=\"IMG_3714\" style=\"background-image: url(&#039;https:\/\/www.risus-vallis.at\/wp-content\/uploads\/2026\/03\/IMG_3714.jpg&#039;)\">\n\n\t\t\t\n\t\t\t\t\t<\/div>\n\t\t<\/a>\t\t\t\t\t\t<\/div>\n\t\t\t\t\t\t\t\t\t<\/div>\n\t\t\t\t\t\t\t\t\t\t\t\t\t\t\t\t\t\t\t\t\t<\/div>\n\t\t\t\t\t\t\t\t<\/div>\n\t\t\t\t<\/div>\n\t\t\t\t\t<\/div>\n\t\t\t\t<\/div>\n\t\t<div class=\"elementor-element elementor-element-9bba5dd e-flex e-con-boxed e-con e-parent\" data-id=\"9bba5dd\" data-element_type=\"container\" data-e-type=\"container\" data-settings=\"{&quot;background_background&quot;:&quot;classic&quot;}\">\n\t\t\t\t\t<div class=\"e-con-inner\">\n\t\t\t\t<div class=\"elementor-element elementor-element-e4cdf9e elementor-widget elementor-widget-heading\" data-id=\"e4cdf9e\" data-element_type=\"widget\" data-e-type=\"widget\" data-widget_type=\"heading.default\">\n\t\t\t\t\t<h2 class=\"elementor-heading-title elementor-size-default\">Anfrage<\/h2>\t\t\t\t<\/div>\n\t\t\t\t<div class=\"elementor-element elementor-element-d4fe1f2 elementor-widget elementor-widget-heading\" data-id=\"d4fe1f2\" data-element_type=\"widget\" data-e-type=\"widget\" data-widget_type=\"heading.default\">\n\t\t\t\t\t<h2 class=\"elementor-heading-title elementor-size-default\">Reservierung oder Anfrage\n <\/h2>\t\t\t\t<\/div>\n\t\t\t\t<div class=\"elementor-element elementor-element-a380714 elementor-widget elementor-widget-text-editor\" data-id=\"a380714\" data-element_type=\"widget\" data-e-type=\"widget\" data-widget_type=\"text-editor.default\">\n\t\t\t\t\t\t\t\t\t<div id=\"panel-7-2-0-0\" class=\"so-panel widget widget_sow-editor panel-first-child\" data-index=\"3\"><div class=\"so-widget-sow-editor so-widget-sow-editor-base\"><div class=\"siteorigin-widget-tinymce textwidget\"><p><strong>Gerne k\u00f6nnen Sie uns Ihre Anfrage auch per Email senden:\u00a0 <a href=\"mailto:info@risus-vallis.at\">info@risus-vallis.at<\/a><\/strong><\/p><\/div><\/div><\/div>\t\t\t\t\t\t\t\t<\/div>\n\t\t\t\t<div class=\"elementor-element elementor-element-6f29978 elementor-widget elementor-widget-shortcode\" data-id=\"6f29978\" data-element_type=\"widget\" data-e-type=\"widget\" data-widget_type=\"shortcode.default\">\n\t\t\t\t\t\t\t<div class=\"elementor-shortcode\"><iframe name=\"webplanner11811\" width=\"100%\" frameborder=\"0\" height=\"710\" src=\"https:\/\/www.webplanner.de\/tools\/?6c34343b34343070393065343064343069\"><\/iframe><script type=\"text\/javascript\" src=\"https:\/\/www.webplanner.de\/tools\/js\/5790-11811.js\"><\/script><\/div>\n\t\t\t\t\t\t<\/div>\n\t\t\t\t\t<\/div>\n\t\t\t\t<\/div>\n\t\t<div class=\"elementor-element elementor-element-029063f e-flex e-con-boxed e-con e-parent\" data-id=\"029063f\" data-element_type=\"container\" data-e-type=\"container\" data-settings=\"{&quot;background_background&quot;:&quot;classic&quot;}\">\n\t\t\t\t\t<div class=\"e-con-inner\">\n\t\t<div class=\"elementor-element elementor-element-ded395e e-con-full e-flex e-con e-child\" data-id=\"ded395e\" data-element_type=\"container\" data-e-type=\"container\">\n\t\t\t\t<div class=\"elementor-element elementor-element-e775b0f elementor-widget elementor-widget-image\" data-id=\"e775b0f\" data-element_type=\"widget\" data-e-type=\"widget\" data-widget_type=\"image.default\">\n\t\t\t\t\t\t\t\t\t\t\t\t\t\t\t<img fetchpriority=\"high\" decoding=\"async\" width=\"966\" height=\"1364\" src=\"https:\/\/www.risus-vallis.at\/wp-content\/uploads\/2026\/04\/Gaestebroschuere-1.jpg\" class=\"attachment-full size-full wp-image-574\" alt=\"\" srcset=\"https:\/\/www.risus-vallis.at\/wp-content\/uploads\/2026\/04\/Gaestebroschuere-1.jpg 966w, https:\/\/www.risus-vallis.at\/wp-content\/uploads\/2026\/04\/Gaestebroschuere-1-212x300.jpg 212w, https:\/\/www.risus-vallis.at\/wp-content\/uploads\/2026\/04\/Gaestebroschuere-1-725x1024.jpg 725w, https:\/\/www.risus-vallis.at\/wp-content\/uploads\/2026\/04\/Gaestebroschuere-1-768x1084.jpg 768w\" sizes=\"(max-width: 966px) 100vw, 966px\" \/>\t\t\t\t\t\t\t\t\t\t\t\t\t\t\t<\/div>\n\t\t\t\t<\/div>\n\t\t<div class=\"elementor-element elementor-element-4e43afb e-con-full e-flex e-con e-child\" data-id=\"4e43afb\" data-element_type=\"container\" data-e-type=\"container\">\n\t\t\t\t<div class=\"elementor-element elementor-element-bd1287a elementor-widget elementor-widget-heading\" data-id=\"bd1287a\" data-element_type=\"widget\" data-e-type=\"widget\" data-widget_type=\"heading.default\">\n\t\t\t\t\t<h2 class=\"elementor-heading-title elementor-size-default\">Die G\u00e4stebrosch\u00fcre\n<\/h2>\t\t\t\t<\/div>\n\t\t\t\t<div class=\"elementor-element elementor-element-d4cf5d3 elementor-widget elementor-widget-text-editor\" data-id=\"d4cf5d3\" data-element_type=\"widget\" data-e-type=\"widget\" data-widget_type=\"text-editor.default\">\n\t\t\t\t\t\t\t\t\t<div id=\"panel-7-2-0-0\" class=\"so-panel widget widget_sow-editor panel-first-child\" data-index=\"3\"><div class=\"so-widget-sow-editor so-widget-sow-editor-base\"><div class=\"siteorigin-widget-tinymce textwidget\"><div id=\"panel-7-3-1-0\" class=\"so-panel widget widget_text panel-first-child\" data-index=\"6\"><div class=\"textwidget\"><p>Informieren Sie sich \u00fcber alle Details im Chalet und was Sie im Lachtal unternehmen k\u00f6nnen.<\/p><\/div><\/div><\/div><\/div><\/div>\t\t\t\t\t\t\t\t<\/div>\n\t\t\t\t<div class=\"elementor-element elementor-element-4f4cb7b elementor-align-left elementor-mobile-align-center elementor-widget elementor-widget-button\" data-id=\"4f4cb7b\" data-element_type=\"widget\" data-e-type=\"widget\" data-widget_type=\"button.default\">\n\t\t\t\t\t\t\t\t\t\t<a class=\"elementor-button elementor-button-link elementor-size-sm\" href=\"\/gaestebroschuere\/\" target=\"_blank\">\n\t\t\t\t\t\t<span class=\"elementor-button-content-wrapper\">\n\t\t\t\t\t\t<span class=\"elementor-button-icon\">\n\t\t\t\t<svg aria-hidden=\"true\" class=\"e-font-icon-svg e-fas-arrow-alt-circle-right\" viewBox=\"0 0 512 512\" xmlns=\"http:\/\/www.w3.org\/2000\/svg\"><path d=\"M256 8c137 0 248 111 248 248S393 504 256 504 8 393 8 256 119 8 256 8zM140 300h116v70.9c0 10.7 13 16.1 20.5 8.5l114.3-114.9c4.7-4.7 4.7-12.2 0-16.9l-114.3-115c-7.6-7.6-20.5-2.2-20.5 8.5V212H140c-6.6 0-12 5.4-12 12v64c0 6.6 5.4 12 12 12z\"><\/path><\/svg>\t\t\t<\/span>\n\t\t\t\t\t\t\t\t\t<span class=\"elementor-button-text\">G\u00e4stebrosch\u00fcre anschauen<\/span>\n\t\t\t\t\t<\/span>\n\t\t\t\t\t<\/a>\n\t\t\t\t\t\t\t\t<\/div>\n\t\t\t\t<\/div>\n\t\t\t\t\t<\/div>\n\t\t\t\t<\/div>\n\t\t\t\t<\/div>\n\t\t","protected":false},"excerpt":{"rendered":"<p>Chalet Risus Vallis Exklusives Chalet-Erlebnis im Lachtal Jetzt anfragen Einfach nur genie\u00dfen Ihr Chalet f\u00fcr bis zu 10 Personen Das Risus Vallis ist einzigartig und mit viel Liebe zum Detail eingerichtet &#8211; das macht Ihren Aufenthalt so besonders: Jedes der 4 Schlafzimmer ist mit einem eigenen Bad (inkl. WC und Dusche) und einem Zugang zu [&hellip;]<\/p>\n","protected":false},"author":1,"featured_media":0,"parent":0,"menu_order":0,"comment_status":"closed","ping_status":"closed","template":"elementor_header_footer","meta":{"footnotes":""},"class_list":["post-10","page","type-page","status-publish","hentry"],"_links":{"self":[{"href":"https:\/\/www.risus-vallis.at\/en\/wp-json\/wp\/v2\/pages\/10","targetHints":{"allow":["GET"]}}],"collection":[{"href":"https:\/\/www.risus-vallis.at\/en\/wp-json\/wp\/v2\/pages"}],"about":[{"href":"https:\/\/www.risus-vallis.at\/en\/wp-json\/wp\/v2\/types\/page"}],"author":[{"embeddable":true,"href":"https:\/\/www.risus-vallis.at\/en\/wp-json\/wp\/v2\/users\/1"}],"replies":[{"embeddable":true,"href":"https:\/\/www.risus-vallis.at\/en\/wp-json\/wp\/v2\/comments?post=10"}],"version-history":[{"count":289,"href":"https:\/\/www.risus-vallis.at\/en\/wp-json\/wp\/v2\/pages\/10\/revisions"}],"predecessor-version":[{"id":828,"href":"https:\/\/www.risus-vallis.at\/en\/wp-json\/wp\/v2\/pages\/10\/revisions\/828"}],"wp:attachment":[{"href":"https:\/\/www.risus-vallis.at\/en\/wp-json\/wp\/v2\/media?parent=10"}],"curies":[{"name":"wp","href":"https:\/\/api.w.org\/{rel}","templated":true}]}}